{"id":902,"date":"2024-02-09T09:38:50","date_gmt":"2024-02-09T09:38:50","guid":{"rendered":"https:\/\/covoip.siteshowroom.net\/about-us\/"},"modified":"2024-06-11T06:26:16","modified_gmt":"2024-06-11T06:26:16","slug":"uber-uns","status":"publish","type":"page","link":"https:\/\/covoip.com\/de\/uber-uns\/","title":{"rendered":"\u00dcber uns"},"content":{"rendered":"    <section class=\"hero__section about-hero__section block-rewrite-connection\" data-aos=\"\" id=\"902\">\n                    <div class=\"ribbon__block\" data-aos=\"\">\n                            <\/div>\n                <div class=\"container\">\n                            <div class=\"title text-center\">\n                    <h1><strong>Wir wollten die Regeln<\/strong><br \/>\r\nder Verbindung neu schreiben<\/h1>\n                <\/div>\n                            <div class=\"about-hero__content\">\n                    <p>Genug von den alten, teuren Kommunikationsmethoden? Wir auch. Bei coVoIP haben wir unsere Reise begonnen, um frischen Wind in die Welt der VoIP-Dienste zu bringen. Wir glauben an Einfachheit, Erschwinglichkeit und kundenorientierte L\u00f6sungen, die Ihnen ein L\u00e4cheln ins Gesicht zaubern werden.<\/p>\n                <\/div>\n                    <\/div>\n    <\/section>\n\n\n    <section class=\"essence__section block-principles\" id=\"902\">\n        <div class=\"container\">\n                            <div class=\"title text-center\" data-aos=\"fade-up\">\n                    <h2>Der Kern <br \/>\r\n<strong>unserer Prinzipien<\/strong><\/h2>\n                <\/div>\n                            <div class=\"essence__block\">\n                                                <div class=\"darkblue_bg essence__box\" data-aos=\"fade-in\" data-aos-duration=\"500\">\n                                                                    <h3>Einfachheit<\/h3>\n                                                                    <p>Wir glauben daran, die Dinge einfach und unkompliziert zu halten. Kein kompliziertes Fachjargon oder versteckte Geb\u00fchren &#8211; nur erschwingliche, problemlose Kommunikation.<\/p>\n                                <img decoding=\"async\" src=\"https:\/\/covoip.com\/wp-content\/uploads\/covoip-thumbs-up.svg\" class=\"essence__icon\" alt=\"covoip Simplicity\" \/>  \n                            <\/div>\n                                                    <div class=\"darkblue_bg essence__box\" data-aos=\"fade-in\" data-aos-duration=\"700\">\n                                                                    <h3>Bezahlbarkeit<\/h3>\n                                                                    <p>Jeder verdient Zugang zu hochwertiger Kommunikation. Wir sind bestrebt, kosteng\u00fcnstige L\u00f6sungen f\u00fcr alle bereitzustellen.<\/p>\n                                <img decoding=\"async\" src=\"https:\/\/covoip.com\/wp-content\/uploads\/covoip-money-bill-wave.svg\" class=\"essence__icon\" alt=\"covoip Affordability\" \/>  \n                            <\/div>\n                                                    <div class=\"darkblue_bg essence__box\" data-aos=\"fade-in\" data-aos-duration=\"900\">\n                                                                    <h3>Kundenorientiert<\/h3>\n                                                                    <p>Ihre Bed\u00fcrfnisse stehen an erster Stelle. Wir sind hier, um zuzuh\u00f6ren, zu lernen und uns anzupassen, um Ihr Erlebnis au\u00dfergew\u00f6hnlich zu machen.<\/p>\n                                <img decoding=\"async\" src=\"https:\/\/covoip.com\/wp-content\/uploads\/covoip-users.svg\" class=\"essence__icon\" alt=\"covoip Customer Centric\" \/>  \n                            <\/div>\n                                                    <div class=\"darkblue_bg essence__box\" data-aos=\"fade-in\" data-aos-duration=\"1100\">\n                                                                    <h3>Innovation<\/h3>\n                                                                    <p>Wir bleiben mit modernster Technologie an der Spitze, um Ihnen die neuesten L\u00f6sungen im Bereich der Kommunikation zu bieten.<\/p>\n                                <img decoding=\"async\" src=\"https:\/\/covoip.com\/wp-content\/uploads\/covoip-lightbulb.svg\" class=\"essence__icon\" alt=\"covoip Innovation\" \/>  \n                            <\/div>\n                                        <\/div>\n                    <\/div>\n    <\/section>\n\n\n    <section id=\"902\"  class=\"team__section block-team\">\n        <div class=\"container\">\n            <div class=\"animated-square\" data-aos=\"\"><\/div>\n            <div class=\"team__block\">\n                                    <div class=\"title text-center\" data-aos=\"fade-up\">\n                        <h2><strong>Treffen Sie das Herz<\/strong> von coVoIP<\/h2>\n                    <\/div>\n                                            <div class=\"team__row\" data-aos=\"fade-in\">\n                                <div class=\"team__row__left\">\n                                    <div class=\"animate-dashed-line\"><\/div>\n                                    <div class=\"animate-circle\"><\/div>\n                                                                            <div class=\"team__img\">\n                                            <img loading=\"lazy\" decoding=\"async\" width=\"884\" height=\"884\" src=\"https:\/\/covoip.com\/wp-content\/uploads\/covoip-thierry-alen.jpg\" class=\"attachment-full size-full\" alt=\"covoip Thierry Alen\" srcset=\"https:\/\/covoip.com\/wp-content\/uploads\/covoip-thierry-alen.jpg 884w, https:\/\/covoip.com\/wp-content\/uploads\/covoip-thierry-alen-300x300.jpg 300w, https:\/\/covoip.com\/wp-content\/uploads\/covoip-thierry-alen-150x150.jpg 150w, https:\/\/covoip.com\/wp-content\/uploads\/covoip-thierry-alen-768x768.jpg 768w\" sizes=\"auto, (max-width: 884px) 100vw, 884px\" \/>                                        <\/div>\n                                                                    <\/div>\n                                <div class=\"team__row__right\">\n                                                                            <h3>Thierry Alen<\/h3>\n                                                                            <p>&#8222;Der Erfolg liegt nicht in der Konformit\u00e4t. Wahre Innovation kommt immer mit einer Spur von Rebellion.&#8220;<\/p>\n                                                                    <\/div>\n                            <\/div>\n                                                    <div class=\"team__row\" data-aos=\"fade-in\">\n                                <div class=\"team__row__left\">\n                                    <div class=\"animate-dashed-line\"><\/div>\n                                    <div class=\"animate-circle\"><\/div>\n                                                                            <div class=\"team__img\">\n                                            <img loading=\"lazy\" decoding=\"async\" width=\"1024\" height=\"997\" src=\"https:\/\/covoip.com\/wp-content\/uploads\/covoip-niels-oorthuizen.jpg\" class=\"attachment-full size-full\" alt=\"Covoip Niels Oorthuizen\" srcset=\"https:\/\/covoip.com\/wp-content\/uploads\/covoip-niels-oorthuizen.jpg 1024w, https:\/\/covoip.com\/wp-content\/uploads\/covoip-niels-oorthuizen-300x292.jpg 300w, https:\/\/covoip.com\/wp-content\/uploads\/covoip-niels-oorthuizen-768x748.jpg 768w\" sizes=\"auto, (max-width: 1024px) 100vw, 1024px\" \/>                                        <\/div>\n                                                                    <\/div>\n                                <div class=\"team__row__right\">\n                                                                            <h3>Niels Oorthuizen<\/h3>\n                                                                            <h4>Leiter der IT<\/h4>\n                                                                            <p>&#8222;Wo andere vielleicht aufh\u00f6ren, fange ich an zu klettern.&#8220;<\/p>\n                                                                    <\/div>\n                            <\/div>\n                                                    <div class=\"team__row\" data-aos=\"fade-in\">\n                                <div class=\"team__row__left\">\n                                    <div class=\"animate-dashed-line\"><\/div>\n                                    <div class=\"animate-circle\"><\/div>\n                                                                            <div class=\"team__img\">\n                                            <img loading=\"lazy\" decoding=\"async\" width=\"1024\" height=\"1006\" src=\"https:\/\/covoip.com\/wp-content\/uploads\/covoip-tereza-rambler.jpg\" class=\"attachment-full size-full\" alt=\"covoip Tereza Rambler\" srcset=\"https:\/\/covoip.com\/wp-content\/uploads\/covoip-tereza-rambler.jpg 1024w, https:\/\/covoip.com\/wp-content\/uploads\/covoip-tereza-rambler-300x295.jpg 300w, https:\/\/covoip.com\/wp-content\/uploads\/covoip-tereza-rambler-768x755.jpg 768w\" sizes=\"auto, (max-width: 1024px) 100vw, 1024px\" \/>                                        <\/div>\n                                                                    <\/div>\n                                <div class=\"team__row__right\">\n                                                                            <h3>Tereza Rambler<\/h3>\n                                                                            <h4>Kreativdirektor<\/h4>\n                                                                            <p>&#8222;Ich habe Gl\u00fcck, dass wir ein Team haben, das in der Lage ist, Tr\u00e4ume in die Realit\u00e4t umzusetzen.&#8220;<\/p>\n                                                                    <\/div>\n                            <\/div>\n                                    <\/div>\n            <div class=\"animated-square\" data-aos=\"\"><\/div>\n        <\/div>\n    <\/section>\n\n\n    <section id=\"902\" class=\"vision__section block-vision\">\n        <div class=\"container\">\n                            <div class=\"title text-center\" data-aos=\"fade-up\">\n                    <h2>Unsere Vision <br \/>\r\n<strong>Den Weg in eine vernetzte Zukunft ebnen<\/strong><\/h2>\n                <\/div>\n             \n                <div class=\"vision__block\" data-aos=\"fade-in\">\n                                                <div class=\"vision__box vision__box-1\">\n                                <div class=\"vision__circle\">\n                                    <div class=\"vision__animate-line\"><\/div>\n                                <\/div>\n                                <div class=\"vision__text text-right\">\n                                                                            <h3>St\u00e4rkung<\/h3>\n                                                                            <p>Unser Ziel ist es, Einzelpersonen und Unternehmen zu st\u00e4rken, indem wir ihnen die Werkzeuge geben, die sie ben\u00f6tigen, um in der modernen Welt erfolgreich zu sein.<\/p>\n                                                                    <\/div>\n                            <\/div>\n                                                        <div class=\"vision__box vision__box-2\">\n                                <div class=\"vision__circle\">\n                                    <div class=\"vision__animate-line\"><\/div>\n                                <\/div>\n                                <div class=\"vision__text text-right\">\n                                                                            <h3>Barrierefreiheit<\/h3>\n                                                                            <p>Unser Ziel ist es, erstklassige Kommunikation f\u00fcr alle zug\u00e4nglich zu machen, unabh\u00e4ngig von ihrem Budget oder Standort.<\/p>\n                                                                    <\/div>\n                            <\/div>\n                                                        <div class=\"vision__box vision__box-3\">\n                                <div class=\"vision__circle\">\n                                    <div class=\"vision__animate-line\"><\/div>\n                                <\/div>\n                                <div class=\"vision__text text-right\">\n                                                                            <h3>Zufriedenheit<\/h3>\n                                                                            <p>Wir messen unseren Erfolg an Ihrer Zufriedenheit. Wenn Sie gl\u00fccklich sind, sind wir es auch.<\/p>\n                                                                    <\/div>\n                            <\/div>\n                                            <\/div>\n                    <\/div>\n    <\/section>\n\n\n    <section id=\"902\" class=\"quote__section darkblue_bg block-quote\" data-aos=\"fade-in\">\n        <div class=\"quote__box\">\n            <p>Wir waren schon immer auf einer Mission, das Unm\u00f6gliche m\u00f6glich zu machen. Warum? Weil wir unser Wissen teilen und f\u00fcr jeden nutzbar machen wollen.<\/p>\n        <\/div>\n    <\/section>\n","protected":false},"excerpt":{"rendered":"","protected":false},"author":1,"featured_media":1317,"parent":0,"menu_order":7,"comment_status":"closed","ping_status":"closed","template":"","meta":{"_acf_changed":false,"footnotes":""},"class_list":["post-902","page","type-page","status-publish","has-post-thumbnail","hentry"],"acf":[],"aioseo_notices":[],"_links":{"self":[{"href":"https:\/\/covoip.com\/de\/wp-json\/wp\/v2\/pages\/902","targetHints":{"allow":["GET"]}}],"collection":[{"href":"https:\/\/covoip.com\/de\/wp-json\/wp\/v2\/pages"}],"about":[{"href":"https:\/\/covoip.com\/de\/wp-json\/wp\/v2\/types\/page"}],"author":[{"embeddable":true,"href":"https:\/\/covoip.com\/de\/wp-json\/wp\/v2\/users\/1"}],"replies":[{"embeddable":true,"href":"https:\/\/covoip.com\/de\/wp-json\/wp\/v2\/comments?post=902"}],"version-history":[{"count":6,"href":"https:\/\/covoip.com\/de\/wp-json\/wp\/v2\/pages\/902\/revisions"}],"predecessor-version":[{"id":1625,"href":"https:\/\/covoip.com\/de\/wp-json\/wp\/v2\/pages\/902\/revisions\/1625"}],"wp:featuredmedia":[{"embeddable":true,"href":"https:\/\/covoip.com\/de\/wp-json\/wp\/v2\/media\/1317"}],"wp:attachment":[{"href":"https:\/\/covoip.com\/de\/wp-json\/wp\/v2\/media?parent=902"}],"curies":[{"name":"wp","href":"https:\/\/api.w.org\/{rel}","templated":true}]}}