{"id":906,"date":"2024-02-21T06:40:54","date_gmt":"2024-02-21T06:40:54","guid":{"rendered":"https:\/\/covoip.siteshowroom.net\/corporate-customers\/"},"modified":"2024-06-11T05:09:35","modified_gmt":"2024-06-11T05:09:35","slug":"geschaftskunden","status":"publish","type":"page","link":"https:\/\/covoip.com\/de\/geschaftskunden\/","title":{"rendered":"Gesch\u00e4ftskunden"},"content":{"rendered":"    <section class=\"hero__section about-hero__section block-rewrite-connection\" data-aos=\"\" id=\"906\">\n                    <div class=\"ribbon__block\" data-aos=\"\">\n                            <\/div>\n                <div class=\"container\">\n                            <div class=\"title text-center\">\n                    <h1><strong>Nahtlose Kommunikation<\/strong><br \/>\r\nf\u00fcr Ihr Unternehmen mit coVoIP<\/h1>\n                <\/div>\n                            <div class=\"about-hero__content\">\n                    <p>Bei coVoIP haben wir uns auf die Bereitstellung erstklassiger VoIP-Dienste spezialisiert, die auf Unternehmenskunden zugeschnitten sind. Unser Ziel ist es, Ihre Kommunikationsprozesse zu optimieren und sicherzustellen, dass Ihr Team stets verbunden bleibt, egal wo sie sich befinden.<\/p>\n                <\/div>\n                    <\/div>\n    <\/section>\n\n\n    <section class=\"essence__section block-principles\" id=\"906\">\n        <div class=\"container\">\n                            <div class=\"title text-center\" data-aos=\"fade-up\">\n                    <h2>Vorteile der Wahl von coVoIP<br \/>\r\n<strong>Ma\u00dfgeschneiderte L\u00f6sungen <br \/>\r\nf\u00fcr jedes Unternehmen<\/strong><\/h2>\n                <\/div>\n                            <div class=\"essence__block\">\n                                                <div class=\"darkblue_bg essence__box\" data-aos=\"fade-in\" data-aos-duration=\"500\">\n                                                                    <h3>Verbesserte Zusammenarbeit<\/h3>\n                                                                    <p>Genie\u00dfen Sie hochwertige Sprach-, Video- und Messaging-Dienste, die die Zusammenarbeit m\u00fchelos machen.<\/p>\n                                <img decoding=\"async\" src=\"https:\/\/covoip.com\/wp-content\/uploads\/covoip-users.svg\" class=\"essence__icon\" alt=\"covoip Customer Centric\" \/>  \n                            <\/div>\n                                                    <div class=\"darkblue_bg essence__box\" data-aos=\"fade-in\" data-aos-duration=\"700\">\n                                                                    <h3>Kosteneffizienz<\/h3>\n                                                                    <p>Reduzieren Sie Ihre Telekommunikationskosten erheblich mit unseren wettbewerbsf\u00e4higen Preismodellen.<\/p>\n                                <img decoding=\"async\" src=\"https:\/\/covoip.com\/wp-content\/uploads\/covoip-money-bill-wave.svg\" class=\"essence__icon\" alt=\"covoip Affordability\" \/>  \n                            <\/div>\n                                                    <div class=\"darkblue_bg essence__box\" data-aos=\"fade-in\" data-aos-duration=\"900\">\n                                                                    <h3>Zuverl\u00e4ssigkeit<\/h3>\n                                                                    <p>Ihre Bed\u00fcrfnisse stehen an erster Stelle. Wir sind hier, um zuzuh\u00f6ren, zu lernen und uns anzupassen, um Ihr Erlebnis au\u00dfergew\u00f6hnlich zu machen.<\/p>\n                                <img decoding=\"async\" src=\"https:\/\/covoip.com\/wp-content\/uploads\/covoip-thumbs-up.svg\" class=\"essence__icon\" alt=\"covoip Simplicity\" \/>  \n                            <\/div>\n                                                    <div class=\"darkblue_bg essence__box\" data-aos=\"fade-in\" data-aos-duration=\"1100\">\n                                                                    <h3>Sicherheit<\/h3>\n                                                                    <p>Wir legen gro\u00dfen Wert auf die Sicherheit Ihrer Daten mit Ende-zu-Ende-Verschl\u00fcsselung und umfassender Einhaltung branchen\u00fcblicher Standards.<\/p>\n                                <img decoding=\"async\" src=\"https:\/\/covoip.com\/wp-content\/uploads\/covoip-lightbulb.svg\" class=\"essence__icon\" alt=\"covoip Innovation\" \/>  \n                            <\/div>\n                                        <\/div>\n                    <\/div>\n    <\/section>\n\n\n    <section id=\"906\"  class=\"team__section block-team\">\n        <div class=\"container\">\n            <div class=\"animated-square\" data-aos=\"\"><\/div>\n            <div class=\"team__block\">\n                                    <div class=\"title text-center\" data-aos=\"fade-up\">\n                        <h2><strong>Wir arbeiten partnerschaftlich mit Ihrer IT-Abteilung zusammen<\/strong><\/h2>\n                    <\/div>\n                                            <div class=\"team__row\" data-aos=\"fade-in\">\n                                <div class=\"team__row__left\">\n                                    <div class=\"animate-dashed-line\"><\/div>\n                                    <div class=\"animate-circle\"><\/div>\n                                                                            <div class=\"team__img\">\n                                            <img loading=\"lazy\" decoding=\"async\" width=\"600\" height=\"402\" src=\"https:\/\/covoip.com\/wp-content\/uploads\/covoip-dedicated-support-1.jpg\" class=\"attachment-full size-full\" alt=\"covoip dedicate support\" srcset=\"https:\/\/covoip.com\/wp-content\/uploads\/covoip-dedicated-support-1.jpg 600w, https:\/\/covoip.com\/wp-content\/uploads\/covoip-dedicated-support-1-300x201.jpg 300w\" sizes=\"auto, (max-width: 600px) 100vw, 600px\" \/>                                        <\/div>\n                                                                    <\/div>\n                                <div class=\"team__row__right\">\n                                                                            <h3>Dedizierter Support<\/h3>\n                                                                            <p>Unsere Experten arbeiten eng mit Ihrer IT-Abteilung zusammen, um einen reibungslosen Integrationsprozess von der Ersteinrichtung bis zur regelm\u00e4\u00dfigen Wartung sicherzustellen.<\/p>\n                                                                    <\/div>\n                            <\/div>\n                                                    <div class=\"team__row\" data-aos=\"fade-in\">\n                                <div class=\"team__row__left\">\n                                    <div class=\"animate-dashed-line\"><\/div>\n                                    <div class=\"animate-circle\"><\/div>\n                                                                            <div class=\"team__img\">\n                                            <img loading=\"lazy\" decoding=\"async\" width=\"600\" height=\"450\" src=\"https:\/\/covoip.com\/wp-content\/uploads\/covoip-custom-integration.jpg\" class=\"attachment-full size-full\" alt=\"\" srcset=\"https:\/\/covoip.com\/wp-content\/uploads\/covoip-custom-integration.jpg 600w, https:\/\/covoip.com\/wp-content\/uploads\/covoip-custom-integration-300x225.jpg 300w\" sizes=\"auto, (max-width: 600px) 100vw, 600px\" \/>                                        <\/div>\n                                                                    <\/div>\n                                <div class=\"team__row__right\">\n                                                                            <h3>Individuelle Integration<\/h3>\n                                                                            <p>Unsere L\u00f6sungen k\u00f6nnen an Ihre bestehende IT-Infrastruktur angepasst werden, um eine problemlose Integration zu gew\u00e4hrleisten.<\/p>\n                                                                    <\/div>\n                            <\/div>\n                                                    <div class=\"team__row\" data-aos=\"fade-in\">\n                                <div class=\"team__row__left\">\n                                    <div class=\"animate-dashed-line\"><\/div>\n                                    <div class=\"animate-circle\"><\/div>\n                                                                            <div class=\"team__img\">\n                                            <img loading=\"lazy\" decoding=\"async\" width=\"358\" height=\"400\" src=\"https:\/\/covoip.com\/wp-content\/uploads\/covoip-training-and-resources.jpg\" class=\"attachment-full size-full\" alt=\"\" srcset=\"https:\/\/covoip.com\/wp-content\/uploads\/covoip-training-and-resources.jpg 358w, https:\/\/covoip.com\/wp-content\/uploads\/covoip-training-and-resources-269x300.jpg 269w\" sizes=\"auto, (max-width: 358px) 100vw, 358px\" \/>                                        <\/div>\n                                                                    <\/div>\n                                <div class=\"team__row__right\">\n                                                                            <h3>Schulung und Ressourcen<\/h3>\n                                                                            <p>Zugang zu umfangreichen Schulungsmaterialien und Unterst\u00fctzungsressourcen, um Ihr Team mit dem erforderlichen Wissen auszustatten, um das System effektiv zu verwalten.<\/p>\n                                                                    <\/div>\n                            <\/div>\n                                    <\/div>\n            <div class=\"animated-square\" data-aos=\"\"><\/div>\n        <\/div>\n    <\/section>\n","protected":false},"excerpt":{"rendered":"","protected":false},"author":1,"featured_media":1339,"parent":0,"menu_order":6,"comment_status":"closed","ping_status":"closed","template":"","meta":{"_acf_changed":false,"footnotes":""},"class_list":["post-906","page","type-page","status-publish","has-post-thumbnail","hentry"],"acf":[],"aioseo_notices":[],"_links":{"self":[{"href":"https:\/\/covoip.com\/de\/wp-json\/wp\/v2\/pages\/906","targetHints":{"allow":["GET"]}}],"collection":[{"href":"https:\/\/covoip.com\/de\/wp-json\/wp\/v2\/pages"}],"about":[{"href":"https:\/\/covoip.com\/de\/wp-json\/wp\/v2\/types\/page"}],"author":[{"embeddable":true,"href":"https:\/\/covoip.com\/de\/wp-json\/wp\/v2\/users\/1"}],"replies":[{"embeddable":true,"href":"https:\/\/covoip.com\/de\/wp-json\/wp\/v2\/comments?post=906"}],"version-history":[{"count":8,"href":"https:\/\/covoip.com\/de\/wp-json\/wp\/v2\/pages\/906\/revisions"}],"predecessor-version":[{"id":1591,"href":"https:\/\/covoip.com\/de\/wp-json\/wp\/v2\/pages\/906\/revisions\/1591"}],"wp:featuredmedia":[{"embeddable":true,"href":"https:\/\/covoip.com\/de\/wp-json\/wp\/v2\/media\/1339"}],"wp:attachment":[{"href":"https:\/\/covoip.com\/de\/wp-json\/wp\/v2\/media?parent=906"}],"curies":[{"name":"wp","href":"https:\/\/api.w.org\/{rel}","templated":true}]}}