{"id":908,"date":"2024-02-13T04:53:43","date_gmt":"2024-02-13T04:53:43","guid":{"rendered":"https:\/\/covoip.siteshowroom.net\/data-bundle\/"},"modified":"2025-02-28T06:59:36","modified_gmt":"2025-02-28T06:59:36","slug":"datenpaket","status":"publish","type":"page","link":"https:\/\/covoip.com\/de\/datenpaket\/","title":{"rendered":"Datenpaket"},"content":{"rendered":"\n    <section  id=\"908\" class=\"page-title text-center block-internet-access\" data-aos=\"fade-up\">\n        <div class=\"container container-998\">\n                            <h1><strong>Blitzschnelle Verbindungen<\/strong> f\u00fcr jede Branche<\/h1>\n                            <p>Unsere Datenpaketgesch\u00e4ft ist genau das Richtige, um Daten unterwegs auf Ihrem Tablet, Datenstick oder mobilen WLAN-Ger\u00e4t zu genie\u00dfen. Sie k\u00f6nnen die Datengrenzen vergessen. Mit unseren unbegrenzten Daten-Only-Abonnements haben Sie \u00fcberall und jederzeit Zugriff. Sie k\u00f6nnen zwischen 4G und unserem neuen, noch schnelleren 5G-Netzwerk w\u00e4hlen.<\/p>\n<p>Das Reisen ins Ausland ist jetzt einfacher denn je &#8211; mit all unseren Business-Datenpaketen k\u00f6nnen Sie in vielen Zielen in ganz Europa frei herumreisen.<\/p>\n                    <\/div>\n    <\/section>\n            <section class=\"exp-services__section\">\n            <div class=\"container\">\n                <div class=\"animated-square\" data-aos=\"\"><\/div>\n                <div class=\"exp-services__block\">\n                    <div class=\"exp-services__boxes\">\n                                                        <div class=\"exp-services__box\" data-aos=\"\">\n                                        <div class=\"exp-services__content\">\n                                                                                    <h2 class=\"h3\">Datenpaketgesch\u00e4ft (SIM)<\/h2>\n                                                                                    <p>Alle Karten bilden ein Datenpaket und k\u00f6nnen gemeinsam genutzt werden. Ideal f\u00fcr den Umgang mit hohen Spitzenwerten oder hoher Volatilit\u00e4t in Ihrem Datenverbrauch zwischen den Karten.<\/p>\n                                                                            <\/div>\n                                                                            <div class=\"exp-services__img\">\n                                            <div class=\"animate-circle\"><\/div>\n                                            <div class=\"exp-services__circle-img\" role=\"img\" aria-label=\"covoip global did\" style=\"background-image: url('https:\/\/covoip.com\/wp-content\/uploads\/covoip-global-did.jpg');\"><\/div>\n                                            <div class=\"animated-line\"><\/div>\n                                        <\/div>\n                                                                    <\/div>\n                                                            <div class=\"exp-services__box\" data-aos=\"\">\n                                        <div class=\"exp-services__content\">\n                                                                                    <h2 class=\"h3\">Statische IP-Adresse<\/h2>\n                                                                                    <p>Alle Karten sind optional mit einer festen IP-Adresse ausgestattet. Dies bietet Ihnen die M\u00f6glichkeit der Fern\u00fcberwachung und des Zugriffs f\u00fcr Ihre gesch\u00e4ftlichen Anforderungen.<\/p>\n                                                                            <\/div>\n                                                                            <div class=\"exp-services__img\">\n                                            <div class=\"animate-circle\"><\/div>\n                                            <div class=\"exp-services__circle-img\" role=\"img\" aria-label=\"covoip static IP address\" style=\"background-image: url('https:\/\/covoip.com\/wp-content\/uploads\/covoip-static-IP-address.jpg');\"><\/div>\n                                            <div class=\"animated-line\"><\/div>\n                                        <\/div>\n                                                                    <\/div>\n                                                            <div class=\"exp-services__box\" data-aos=\"\">\n                                        <div class=\"exp-services__content\">\n                                                                                    <h2 class=\"h3\">Permanentes Roaming<\/h2>\n                                                                                    <p>Durchsuchen Sie mehr Orte als je zuvor mit 4G-Roaming, das in xx EU-Zielen verf\u00fcgbar ist.<\/p>\n                                                                            <\/div>\n                                                                            <div class=\"exp-services__img\">\n                                            <div class=\"animate-circle\"><\/div>\n                                            <div class=\"exp-services__circle-img\" role=\"img\" aria-label=\"covoip permanent roaming\" style=\"background-image: url('https:\/\/covoip.com\/wp-content\/uploads\/covoip-permanent-roaming.jpg');\"><\/div>\n                                            <div class=\"animated-line\"><\/div>\n                                        <\/div>\n                                                                    <\/div>\n                                                            <div class=\"exp-services__box\" data-aos=\"\">\n                                        <div class=\"exp-services__content\">\n                                                                                    <h2 class=\"h3\">Hohes Volumen<\/h2>\n                                                                                    <p>Wir liefern Karten mit hohen Datenvolumina von 50 GB, 100 GB, 200 GB oder mehr. Dies bietet Ihnen die M\u00f6glichkeit, so viel Daten zu nutzen, wie Sie ben\u00f6tigen.<\/p>\n                                                                            <\/div>\n                                                                            <div class=\"exp-services__img\">\n                                            <div class=\"animate-circle\"><\/div>\n                                            <div class=\"exp-services__circle-img\" role=\"img\" aria-label=\"covoip platform\" style=\"background-image: url('https:\/\/covoip.com\/wp-content\/uploads\/covoip-platform_img.jpg');\"><\/div>\n                                            <div class=\"animated-line\"><\/div>\n                                        <\/div>\n                                                                    <\/div>\n                                                            <div class=\"exp-services__box\" data-aos=\"\">\n                                        <div class=\"exp-services__content\">\n                                                                                    <h2 class=\"h3\">4G und 5G<\/h2>\n                                                                                    <p>Mit unseren 5G-f\u00e4higen Daten-SIM-Karten k\u00f6nnen Sie atemberaubende Geschwindigkeiten sowohl zu Hause als auch im Ausland genie\u00dfen.<\/p>\n                                                                            <\/div>\n                                                                            <div class=\"exp-services__img\">\n                                            <div class=\"animate-circle\"><\/div>\n                                            <div class=\"exp-services__circle-img\" role=\"img\" aria-label=\"covoip 4g and 5g\" style=\"background-image: url('https:\/\/covoip.com\/wp-content\/uploads\/covoip-4g-and-5g.jpg');\"><\/div>\n                                            <div class=\"animated-line\"><\/div>\n                                        <\/div>\n                                                                    <\/div>\n                                                            <div class=\"exp-services__box\" data-aos=\"\">\n                                        <div class=\"exp-services__content\">\n                                                                                    <h2 class=\"h3\">Gro\u00dfhandel<\/h2>\n                                                                                    <p>Als Gro\u00dfh\u00e4ndler halten wir unsere Preise niedrig! F\u00fcr gro\u00dfe Projekte k\u00f6nnen wir Sonderpreise anbieten. Bitte kontaktieren Sie uns.<\/p>\n                                                                            <\/div>\n                                                                            <div class=\"exp-services__img\">\n                                            <div class=\"animate-circle\"><\/div>\n                                            <div class=\"exp-services__circle-img\" role=\"img\" aria-label=\"covoip wholesale\" style=\"background-image: url('https:\/\/covoip.com\/wp-content\/uploads\/covoip-wholesale.jpg');\"><\/div>\n                                            <div class=\"animated-line\"><\/div>\n                                        <\/div>\n                                                                    <\/div>\n                                                <\/div>\n                <\/div>\n                <div class=\"animated-square\" data-aos=\"\"><\/div>\n            <\/div>\n        <\/section>\n    \n\n    <section class=\"plan__section block-data-plan\" id=\"908\">\n        <div class=\"container\">\n            <div class=\"plan__block\" data-aos=\"fade-up\">\n                                        <div class=\"plan__box\">\n                                                            <h2>KLEIN<\/h2>\n                                                            <p>Feste IP-Adresse<br \/>\r\nDatenpaket<br \/>\r\nGro\u00dfhandel<br \/>\r\nDauerhaftes Roaming<\/p>\n                                                            <h3>50 GB<\/h3>\n                                                    <\/div>\n                                            <div class=\"plan__box\">\n                                                            <h2>Mittlerer<\/h2>\n                                                            <p>Feste IP-Adresse<br \/>\r\nDatenpaket<br \/>\r\nGro\u00dfhandel<br \/>\r\nDauerhaftes Roaming<\/p>\n                                                            <h3>100 GB<\/h3>\n                                                    <\/div>\n                                            <div class=\"plan__box\">\n                                                            <h2>Gro\u00df<\/h2>\n                                                            <p>Feste IP-Adresse<br \/>\r\nDatenpaket<br \/>\r\nGro\u00dfhandel<br \/>\r\nDauerhaftes Roaming<\/p>\n                                                            <h3>200 GB<\/h3>\n                                                    <\/div>\n                                            <div class=\"plan__box\">\n                                                            <h2>Unbegrenzt<\/h2>\n                                                            <p>Feste IP-Adresse<br \/>\r\nDatenpaket<br \/>\r\nGro\u00dfhandel<br \/>\r\nDauerhaftes Roaming<\/p>\n                                                            <h3>1+ TB<\/h3>\n                                                    <\/div>\n                                <\/div>\n        <\/div>\n    <\/section>\n\n\n        <div class=\"animated-square h-200\" data-aos=\"\"><\/div>\n        <section id=\"908\" class=\"dsb-occasion__section block-resource\">\n            <div class=\"container\">\n                <div class=\"two-col-image-content\">\n                    <div class=\"row\">\n                                                                                            <div class=\"col-6\" data-aos=\"fade-right\">\n                                \n                                    <div class=\"two-col-box \">\n                                        <img decoding=\"async\" src=\"https:\/\/covoip.com\/wp-content\/uploads\/covoip-event-note.svg\" class=\"pos-icon\" alt=\"covoip Events\" \/>                                            <h3>Veranstaltungen<\/h3>\n                                        \n<p>F\u00fcr tempor\u00e4re Veranstaltungen oder reisende Festivals ist diese L\u00f6sung einfach einzurichten und bietet volle Flexibilit\u00e4t.<\/p>\n                                    <\/div>\n                                    \n                                                                \n                                    <div class=\"two-col-box \">\n                                        <img decoding=\"async\" src=\"https:\/\/covoip.com\/wp-content\/uploads\/covoip-truck.svg\" class=\"pos-icon\" alt=\"Covoip Logistics\" \/>                                            <h3>Logistik<\/h3>\n                                        <p>Sind Sie auf Europareise und ben\u00f6tigen viel Datenvolumen? Unsere L\u00f6sung bietet Ihnen die Flexibilit\u00e4t und das Datenvolumen, das Sie \u00fcberall dort ben\u00f6tigen, wo Sie sind.<\/p>\n                                    <\/div>\n                                    \n                                                                    <\/div>\n                                                                                                    <div class=\"col-6\" data-aos=\"fade-left\">\n                                \n                                    <div class=\"two-col-box darkblue_bg\">\n                                        <img decoding=\"async\" src=\"https:\/\/covoip.com\/wp-content\/uploads\/covoip-plane-departure.svg\" class=\"pos-icon\" alt=\"Covoip Travel\" \/>                                            <h3>Reisen<\/h3>\n                                        <p>Erinnern Sie Ihre Patienten an Termine, indem Sie automatische SMS-Nachrichten senden. Stellen Sie sicher, dass Ihre Patienten zufrieden sind. Informieren Sie sie, wann sie mit ihren Testergebnissen rechnen k\u00f6nnen, oder nutzen Sie die Zwei-Wege-Kommunikation, damit sie bei Bedarf einen Arzt kontaktieren k\u00f6nnen.<\/p>\n<p>Bieten Sie Ihren Patienten mehr. Informieren Sie sie \u00fcber zus\u00e4tzliche kostenlose Tests oder besondere Thementage, wie z.B. den Tag der Krebspr\u00e4vention.<\/p>\n                                    <\/div>\n                                    \n                                                                    <\/div>\n                                                    <\/div>\n                <\/div>\n            <\/div>\n        <\/section>\n    \n\n    <section class=\"interested__section block-interested-services\" id=\"908\">\n        <div class=\"container\">\n            <div class=\"interested__title\" data-aos=\"fade-up\">\n                                    <h2 class=\"h1\">Bist du interessiert \r\n<strong>in unseren Dienstleistungen?<\/strong><\/h2>\n                                    <p>Sind Sie bereit, Ihr Gesch\u00e4ft auf die n\u00e4chste Stufe zu heben, indem Sie hochwertige VoIP-Dienste anbieten? Schlie\u00dfen Sie sich uns bei coVoIP an und werden Sie noch heute ein gesch\u00e4tzter Wiederverk\u00e4ufer!<\/p>\n                            <\/div>\n            <div class=\"interested__block\">\n                                    <div class=\"interested__text-list\">\n                        <div class=\"interested__inner\">\n                                                                <div class=\"interested__text-block\" data-aos=\"fade-in\">\n                                        <p>Wir machen es Ihnen einfach, Ihr Produktportfolio zu erweitern und Ihren Umsatz zu steigern.<\/p>\n                                    <\/div>\n                                                                    <div class=\"interested__text-block\" data-aos=\"fade-in\">\n                                        <p>Durch die Partnerschaft mit uns erhalten Sie Zugang zu modernsten VoIP-L\u00f6sungen, engagierter Unterst\u00fctzung und attraktiven Anreizen f\u00fcr Wiederverk\u00e4ufer.<\/p>\n                                    <\/div>\n                                                                    <div class=\"interested__text-block\" data-aos=\"fade-in\">\n                                        <p>Wir werden Ihnen helfen, Ihr Gesch\u00e4ft zu entwickeln, w\u00e4hrend wir die bestm\u00f6glichen VoIP-Dienste bereitstellen.<\/p>\n                                    <\/div>\n                                                        <\/div>\n                    <\/div>\n                                    <div class=\"interested__img-block\" data-aos=\"\">\n                        <div class=\"animate-circle\"><\/div>\n                        <div class=\"interested__img\">\n                            <div class=\"animate-circle\"><\/div>\n                            <div class=\"interested__img-bg\">\n                                <img loading=\"lazy\" decoding=\"async\" width=\"533\" height=\"533\" src=\"https:\/\/covoip.com\/wp-content\/uploads\/covoip-interested.png\" class=\"attachment-full size-full\" alt=\"Covoip Are you interested in our services?\" srcset=\"https:\/\/covoip.com\/wp-content\/uploads\/covoip-interested.png 533w, https:\/\/covoip.com\/wp-content\/uploads\/covoip-interested-300x300.png 300w, https:\/\/covoip.com\/wp-content\/uploads\/covoip-interested-150x150.png 150w\" sizes=\"auto, (max-width: 533px) 100vw, 533px\" \/>                            <\/div>\n                        <\/div>\n                    <\/div>\n                                                        <a class=\"btn\" href=\"https:\/\/covoip.com\/de\/kontakt-aufnehmen\/\" target=\"_self\">\n                            Kontakt aufnehmen                        <\/a>\n                            <\/div>\n        <\/div>\n    <\/section>\n","protected":false},"excerpt":{"rendered":"","protected":false},"author":1,"featured_media":1332,"parent":0,"menu_order":4,"comment_status":"closed","ping_status":"closed","template":"","meta":{"_acf_changed":false,"footnotes":""},"class_list":["post-908","page","type-page","status-publish","has-post-thumbnail","hentry"],"acf":[],"aioseo_notices":[],"_links":{"self":[{"href":"https:\/\/covoip.com\/de\/wp-json\/wp\/v2\/pages\/908","targetHints":{"allow":["GET"]}}],"collection":[{"href":"https:\/\/covoip.com\/de\/wp-json\/wp\/v2\/pages"}],"about":[{"href":"https:\/\/covoip.com\/de\/wp-json\/wp\/v2\/types\/page"}],"author":[{"embeddable":true,"href":"https:\/\/covoip.com\/de\/wp-json\/wp\/v2\/users\/1"}],"replies":[{"embeddable":true,"href":"https:\/\/covoip.com\/de\/wp-json\/wp\/v2\/comments?post=908"}],"version-history":[{"count":11,"href":"https:\/\/covoip.com\/de\/wp-json\/wp\/v2\/pages\/908\/revisions"}],"predecessor-version":[{"id":9600,"href":"https:\/\/covoip.com\/de\/wp-json\/wp\/v2\/pages\/908\/revisions\/9600"}],"wp:featuredmedia":[{"embeddable":true,"href":"https:\/\/covoip.com\/de\/wp-json\/wp\/v2\/media\/1332"}],"wp:attachment":[{"href":"https:\/\/covoip.com\/de\/wp-json\/wp\/v2\/media?parent=908"}],"curies":[{"name":"wp","href":"https:\/\/api.w.org\/{rel}","templated":true}]}}