{"id":910,"date":"2024-02-14T05:59:40","date_gmt":"2024-02-14T05:59:40","guid":{"rendered":"https:\/\/covoip.siteshowroom.net\/disclaimer\/"},"modified":"2024-07-31T04:10:34","modified_gmt":"2024-07-31T04:10:34","slug":"disclaimer","status":"publish","type":"page","link":"https:\/\/covoip.com\/de\/disclaimer\/","title":{"rendered":"Haftungsausschluss"},"content":{"rendered":"\n<div style=\"height:70px\" aria-hidden=\"true\" class=\"wp-block-spacer\"><\/div>\n\n<div class=\"wp-block-group alignwide\"><div class=\"wp-block-group__inner-container is-layout-constrained wp-block-group-is-layout-constrained\">\n<!-- Legal document generated by Complianz | GDPR\/CCPA Cookie Consent https:\/\/wordpress.org\/plugins\/complianz-gdpr -->\n<div id=\"cmplz-document\" class=\"cmplz-document disclaimer cmplz-document-all\"><p>coVoIP Services B.V. verpflichtet sich, diese Website auf dem neuesten Stand und korrekt zu halten. Sollten Sie dennoch auf etwas Unkorrektes oder Veraltetes sto\u00dfen, w\u00fcrden wir uns freuen, wenn Sie uns dies mitteilen k\u00f6nnten. Bitte geben Sie auf der Website an, wo Sie die Informationen gelesen haben. Wir werden uns dann so schnell wie m\u00f6glich darum k\u00fcmmern. Bitte senden Sie Ihre Antwort per E-Mail an: <span class=\"cmplz-obfuscate\">inf&#111;@<span class=\"cmplz-fmail-domain\">e&#120;&#046;com<\/span>&#099;&#111;&#118;&#111;&#105;&#112;.c&#111;&#109;<\/span>.<\/p><p>Wir haften nicht f\u00fcr Verluste aufgrund von Ungenauigkeiten oder Unvollst\u00e4ndigkeiten oder f\u00fcr Verluste aufgrund von Problemen, die durch die Verbreitung von Informationen \u00fcber das Internet verursacht werden oder damit verbunden sind, wie beispielsweise St\u00f6rungen oder Unterbrechungen. Bei der Verwendung von Internetformularen bem\u00fchen wir uns, die Anzahl der erforderlichen Felder auf ein Minimum zu beschr\u00e4nken. F\u00fcr Verluste, die durch die Nutzung von Daten, Ratschl\u00e4gen oder Ideen entstehen, die von oder im Auftrag von coVoIP Services B.V. \u00fcber diese Website zur Verf\u00fcgung gestellt werden, \u00fcbernimmt coVoIP Services B.V. keine Haftung.<\/p><p>Die Nutzung der Website und aller ihrer Komponenten (einschlie\u00dflich Foren) unterliegt den <a href=\"https:covoip.nlwordtaangevuld\" target=\"_blank\">Nutzungsbedingungen<\/a>. Die blo\u00dfe Nutzung dieser Website setzt die Kenntnis und Akzeptanz dieser Nutzungsbedingungen voraus.<\/p><p>Alle personenbezogenen Daten, die Sie uns im Rahmen Ihrer Antwort oder Ihrer Informationsanfrage \u00fcbermitteln, werden nur in \u00dcbereinstimmung mit unserer Datenschutzerkl\u00e4rung verwendet.<\/p><p>coVoIP Services B.V. wird alle zumutbaren Anstrengungen unternehmen, um seine Systeme vor jeglicher Form der unrechtm\u00e4\u00dfigen Nutzung zu sch\u00fctzen. coVoIP Services B.V. wird zu diesem Zweck geeignete technische und organisatorische Ma\u00dfnahmen ergreifen, die unter anderem den Stand der Technik ber\u00fccksichtigen. Sie haftet jedoch nicht f\u00fcr direkten und \/ oder indirekten Verluste eines Nutzers der Website, die durch die rechtswidrige Nutzung ihrer Systeme durch Dritte entstehen.<\/p><p>coVoIP Services B.V. \u00fcbernimmt keine Verantwortung f\u00fcr den Inhalt von Websites, auf die mittels Hyperlink oder sonstiger Verweise verwiesen wird. Von Dritten angebotene Produkte oder Dienstleistungen unterliegen den geltenden Gesch\u00e4ftsbedingungen dieser Dritten.<\/p><p>Alle geistigen Eigentumsrechte an Inhalten dieser Website liegen bei coVoIP Services B.V..<\/p><p>Das Kopieren, Verbreiten und jede andere Verwendung dieser Materialien ist ohne die schriftliche Genehmigung von coVoIP Services B.V. nicht gestattet, es sei denn, in den zwingenden gesetzlichen Bestimmungen (wie dem Zitierrecht) ist etwas anderes vorgesehen, sofern der Inhalt nichts anderes bestimmt.<\/p><p>Wenn Sie Fragen oder Probleme mit der Erreichbarkeit der Website haben, z\u00f6gern Sie bitte nicht, uns zu kontaktieren.<\/p><\/div><\/div><\/div>\n\n<div style=\"height:70px\" aria-hidden=\"true\" class=\"wp-block-spacer\"><\/div>\n","protected":false},"excerpt":{"rendered":"","protected":false},"author":1,"featured_media":0,"parent":0,"menu_order":11,"comment_status":"closed","ping_status":"closed","template":"","meta":{"_acf_changed":false,"footnotes":""},"class_list":["post-910","page","type-page","status-publish","hentry"],"acf":[],"aioseo_notices":[],"_links":{"self":[{"href":"https:\/\/covoip.com\/de\/wp-json\/wp\/v2\/pages\/910","targetHints":{"allow":["GET"]}}],"collection":[{"href":"https:\/\/covoip.com\/de\/wp-json\/wp\/v2\/pages"}],"about":[{"href":"https:\/\/covoip.com\/de\/wp-json\/wp\/v2\/types\/page"}],"author":[{"embeddable":true,"href":"https:\/\/covoip.com\/de\/wp-json\/wp\/v2\/users\/1"}],"replies":[{"embeddable":true,"href":"https:\/\/covoip.com\/de\/wp-json\/wp\/v2\/comments?post=910"}],"version-history":[{"count":3,"href":"https:\/\/covoip.com\/de\/wp-json\/wp\/v2\/pages\/910\/revisions"}],"predecessor-version":[{"id":1640,"href":"https:\/\/covoip.com\/de\/wp-json\/wp\/v2\/pages\/910\/revisions\/1640"}],"wp:attachment":[{"href":"https:\/\/covoip.com\/de\/wp-json\/wp\/v2\/media?parent=910"}],"curies":[{"name":"wp","href":"https:\/\/api.w.org\/{rel}","templated":true}]}}