{"id":912,"date":"2024-02-13T09:35:17","date_gmt":"2024-02-13T09:35:17","guid":{"rendered":"https:\/\/covoip.siteshowroom.net\/elevating-customer-engagement-in-the-hospitality-industry\/"},"modified":"2024-06-11T06:13:13","modified_gmt":"2024-06-11T06:13:13","slug":"steigerung-der-kundenbindung-in-der-hotellerie","status":"publish","type":"page","link":"https:\/\/covoip.com\/de\/steigerung-der-kundenbindung-in-der-hotellerie\/","title":{"rendered":"Steigerung der Kundenbindung in der Hotellerie"},"content":{"rendered":"\n\n    <section id=\"912\" class=\"impact__section block-impact-sms-marketing\">\n        <div class=\"container\">\n            <div class=\"title text-center\" data-aos=\"fade-up\">\n                                    <h2>Der bemerkenswerte Einfluss <br><strong>des SMS-Marketings<\/strong><\/h2>\n                                    <p>Indem das Restaurant die Kraft von SMS als direkten und sofortigen Kommunikationskanal erkannte, begann es eine SMS-Marketingreise, um besondere Anl\u00e4sse zu bewerben, mit G\u00e4sten auf pers\u00f6nlicherer Ebene zu interagieren und die Kundenzufriedenheit zu steigern.<\/p>\n                            <\/div>\n                            <div class=\"impact__block\">\n                                        <div class=\"impact_box\" data-aos=\"\">\n                                                            <div class=\"impact_box__left\">\n                                    <div class=\"animate-dashed-line\"><\/div>\n                                    <div class=\"animate-circle\"><\/div>\n                                    <div class=\"impact_icon\">\n                                        <img decoding=\"async\" src=\"https:\/\/covoip.com\/wp-content\/uploads\/covoip-communication-icon.svg\" class=\"attachment-full size-full\" alt=\"Covoip Swift and Effective Communication\" \/>                                    <\/div>\n                                <\/div>\n                                                        <div class=\"impact_box__right\">\n                                                                    <h3>Schnelle und effektive Kommunikation<\/h3>\n                                                                    <p>Durch SMS hat das Restaurant eine direkte Verbindung zu seinen Kunden hergestellt. Das Ergebnis? Ein gesteigertes Gef\u00fchl der Dringlichkeit, da Nachrichten prompt gelesen wurden. Kunden mussten sich nicht mehr bei Social-Media-Plattformen anmelden oder durch E-Mail-Postf\u00e4cher navigieren, um informiert zu bleiben.<\/p>\n                                                            <\/div>                \n                        <\/div>\n                                                <div class=\"impact_box\" data-aos=\"\">\n                                                            <div class=\"impact_box__left\">\n                                    <div class=\"animate-dashed-line\"><\/div>\n                                    <div class=\"animate-circle\"><\/div>\n                                    <div class=\"impact_icon\">\n                                        <img decoding=\"async\" src=\"https:\/\/covoip.com\/wp-content\/uploads\/covoip-customer-icon.svg\" class=\"attachment-full size-full\" alt=\"Covoip Customer Centric Approach\" \/>                                    <\/div>\n                                <\/div>\n                                                        <div class=\"impact_box__right\">\n                                                                    <h3>Kundenorientierter Ansatz<\/h3>\n                                                                    <p>Die Kommunikation des Restaurants mit seinen Kunden erwies sich als au\u00dfergew\u00f6hnlich effektiv. Diese neu gewonnene F\u00e4higkeit erm\u00f6glichte Echtzeit-Einblicke in die Kundenpr\u00e4ferenzen, was dem Restaurant erm\u00f6glichte, seine Dienstleistungen und Angebote effektiver zu gestalten.<\/p>\n                                                            <\/div>                \n                        <\/div>\n                               \n                <\/div>\n                    <\/div>\n    <\/section>\n            <div class=\"animated-square h-200\" data-aos=\"\"><\/div>\n    \n\n\n<div style=\"height:7rem\" aria-hidden=\"true\" class=\"wp-block-spacer\"><\/div>\n\n\n\n\n\n<div style=\"height:9rem\" aria-hidden=\"true\" class=\"wp-block-spacer\"><\/div>\n\n\n    <section class=\"unlocking-power__section text-center block-tools-sms-marketing\" id=\"912\">\n        <div class=\"container\">\n            <div class=\"title text-center\" data-aos=\"fade-up\">\n                                    <h2>Erschlie\u00dfen Sie die Macht <br><strong>des SMS-Marketings mit coVoIP<\/strong><\/h2>\n                                    <p>Die SMS-Marketingkampagne des Restaurants nutzte das coVoIP-SMS-Kampagnentool und bot im Vergleich zu traditionellen Marketingmethoden eine beispiellose Flexibilit\u00e4t und Kosteneffizienz. Diese Initiative lieferte den G\u00e4sten sofortigen Mehrwert und reduzierte teure Nichterscheinungen bei Reservierungen. Dar\u00fcber hinaus steigerte sie signifikant die Markenbekanntheit des Restaurants.<\/p>\n                            <\/div>\n            <div class=\"dark-block text-center\" data-aos=\"\">\n                <div class=\"animate-circle animate-circle_1\"><\/div>\n                <div class=\"animate-circle animate-circle_2\"><\/div>\n                                    <div class=\"dark-block__inner\">\n                        <p>Der Fall dieses innovativen Restaurants ist ein Beweis f\u00fcr das transformative Potenzial des SMS-Marketings in der dynamischen Gastgewerbebranche. Durch direkte und personalisierte Kommunikation erzielte das Unternehmen nicht nur erhebliche Kosteneinsparungen, sondern auch eine tiefere Kundenbindung und -loyalit\u00e4t. W\u00e4hrend das Restaurant weiterhin in der sich st\u00e4ndig wandelnden Gastgewerbelandschaft florieren, bleibt das SMS-Marketing ein Eckpfeiler seiner kundenorientierten Strategie, was es ihm erm\u00f6glicht, sich gegen\u00fcber der Konkurrenz abzuheben.<\/p>\n                    <\/div>\n                            <\/div>\n                            <div class=\"ready-btn text-center\">\n                    <a href=\"https:\/\/covoip.com\/de\/steigerung-der-effizienz-und-zufriedenheit-in-der-schadlingsbekampfungsbranche\/\"  target=\"\" class=\"btn\">Lesen Sie eine weitere Fallstudie<\/a>\n                <\/div>\n                    <\/div>\n    <\/section>\n","protected":false},"excerpt":{"rendered":"","protected":false},"author":1,"featured_media":1345,"parent":0,"menu_order":6,"comment_status":"closed","ping_status":"closed","template":"","meta":{"_acf_changed":false,"footnotes":""},"class_list":["post-912","page","type-page","status-publish","has-post-thumbnail","hentry"],"acf":[],"aioseo_notices":[],"_links":{"self":[{"href":"https:\/\/covoip.com\/de\/wp-json\/wp\/v2\/pages\/912","targetHints":{"allow":["GET"]}}],"collection":[{"href":"https:\/\/covoip.com\/de\/wp-json\/wp\/v2\/pages"}],"about":[{"href":"https:\/\/covoip.com\/de\/wp-json\/wp\/v2\/types\/page"}],"author":[{"embeddable":true,"href":"https:\/\/covoip.com\/de\/wp-json\/wp\/v2\/users\/1"}],"replies":[{"embeddable":true,"href":"https:\/\/covoip.com\/de\/wp-json\/wp\/v2\/comments?post=912"}],"version-history":[{"count":5,"href":"https:\/\/covoip.com\/de\/wp-json\/wp\/v2\/pages\/912\/revisions"}],"predecessor-version":[{"id":1623,"href":"https:\/\/covoip.com\/de\/wp-json\/wp\/v2\/pages\/912\/revisions\/1623"}],"wp:featuredmedia":[{"embeddable":true,"href":"https:\/\/covoip.com\/de\/wp-json\/wp\/v2\/media\/1345"}],"wp:attachment":[{"href":"https:\/\/covoip.com\/de\/wp-json\/wp\/v2\/media?parent=912"}],"curies":[{"name":"wp","href":"https:\/\/api.w.org\/{rel}","templated":true}]}}