{"id":918,"date":"2024-02-12T18:14:34","date_gmt":"2024-02-12T18:14:34","guid":{"rendered":"https:\/\/covoip.siteshowroom.net\/global-did-services\/"},"modified":"2025-02-28T07:01:09","modified_gmt":"2025-02-28T07:01:09","slug":"globale-did-dienstleistungen","status":"publish","type":"page","link":"https:\/\/covoip.com\/de\/globale-did-dienstleistungen\/","title":{"rendered":"Globale DID Dienstleistungen"},"content":{"rendered":"    <section class=\"page-title text-center block-origination-services\" id=\"918\" data-aos=\"fade-up\">\n        <div class=\"container container-998\">\n                            <h1><strong>Verbinden Sie sich lokal, denken Sie global<\/strong><br \/>\r\nmit Global DID Services.<\/h1>\n                            <p>Entfesseln Sie die Kraft der globalen Kommunikation mit den Global DID (Direct Inward Dialing) Services von coVoIP. Wir bieten Geo-Dialing in \u00fcber 140 L\u00e4ndern an, sodass Sie mit lokalen, nationalen und mobilen Nummern mit vollst\u00e4ndigen In-Country-Breakout-Funktionen verbunden sind. Dar\u00fcber hinaus haben Sie Zugang zu Notdiensten, sodass Sie in kritischen Situationen stets abgesichert sind.<\/p>\n                    <\/div>\n    <\/section>\n\n    <section class=\"choose__section\">\n        <div class=\"container\">\n                            <div class=\"title text-center\" data-aos=\"fade-up\">\n                    <h2><strong>Warum sollten Sie sich<\/strong> f\u00fcr unsere globalen DID-Dienste entscheiden?<\/h2>\n                <\/div>\n                            <div class=\"choose__block\">\n                    <div class=\"row justify-center\">\n                                                <div class=\"col-3\" data-aos=\"fade-up\" data-aos-duration=\"500\">\n                                <div class=\"choose__box\">\n                                                                            <h3 class=\"h6\">Geo-Dialing im Inland<\/h3>\n                                                                            <p>Unsere umfangreiche Abdeckung erstreckt sich \u00fcber mehr als 140 L\u00e4nder und bietet lokale, nationale und mobile Nummern. Machen Sie Ihr Unternehmen weltweit zug\u00e4nglich und bewahren Sie dabei eine lokale Note.<\/p>\n                                                                    <\/div>\n                            <\/div>\n                                                    <div class=\"col-3\" data-aos=\"fade-up\" data-aos-duration=\"700\">\n                                <div class=\"choose__box\">\n                                                                            <h3 class=\"h6\">Kostenlose Servicenummern<\/h3>\n                                                                            <p>Wir bieten 0800-Servicenummern in den meisten Regionen der Welt an, um die Kundenbindung und den Support zu verbessern.<\/p>\n                                                                    <\/div>\n                            <\/div>\n                                                    <div class=\"col-3\" data-aos=\"fade-up\" data-aos-duration=\"900\">\n                                <div class=\"choose__box\">\n                                                                            <h3 class=\"h6\">Premium-Telefonnummern<\/h3>\n                                                                            <p>Erreichen Sie Kunden weltweit mit Premium-Telefonnummern und er\u00f6ffnen Sie neue M\u00f6glichkeiten zur Umsatzsteigerung.<\/p>\n                                                                    <\/div>\n                            <\/div>\n                                                    <div class=\"col-3\" data-aos=\"fade-up\" data-aos-duration=\"1100\">\n                                <div class=\"choose__box\">\n                                                                            <h3 class=\"h6\">Virtuelle Mobilnummern<\/h3>\n                                                                            <p>Unsere Dienstleistungen umfassen virtuelle Mobilnummern in mehreren L\u00e4ndern weltweit. Diese Nummern verf\u00fcgen \u00fcber Sprach- und SMS-Funktionen und bieten vielseitige Kommunikationsoptionen.<\/p>\n                                                                    <\/div>\n                            <\/div>\n                                            <\/div>\n                <\/div>\n                    <\/div>\n    <\/section>\n\n\n\n    \n    <section class=\"six-col__section block-range-services\" id=\"918\">\n        <div class=\"container\">\n            <div class=\"row\">\n                <div class=\"six-col__col\" data-aos=\"fade-right\">\n                    <div class=\"title text-right\">\n                                                    <h2><strong>Warum globale DID<\/strong> Dienste wichtig sind<\/h2>\n                                                    <p>In der heutigen vernetzten Welt ist eine starke globale Pr\u00e4senz sowohl f\u00fcr Unternehmen als auch f\u00fcr Einzelpersonen entscheidend. Ob Sie ein globales Unternehmen oder ein kleines Unternehmen sind, das seine Reichweite erweitern m\u00f6chte, unsere Global DID-Services bieten Ihnen die Werkzeuge, um mit Ihrem Publikum auf deren Bedingungen zu kommunizieren.<\/p>\n                                            <\/div>\n                <\/div>\n                                    <div class=\"six-col__col\" data-aos=\"fade-left\">\n                        <div class=\"six-col__img\">\n                            <img loading=\"lazy\" decoding=\"async\" width=\"600\" height=\"375\" src=\"https:\/\/covoip.com\/wp-content\/uploads\/covoip-global-did.jpg\" class=\"attachment-full size-full\" alt=\"covoip global did\" srcset=\"https:\/\/covoip.com\/wp-content\/uploads\/covoip-global-did.jpg 600w, https:\/\/covoip.com\/wp-content\/uploads\/covoip-global-did-300x188.jpg 300w\" sizes=\"auto, (max-width: 600px) 100vw, 600px\" \/>                        <\/div>\n                    <\/div>  \n                            <\/div>\n                            <div class=\"row\">\n                                                <div class=\"six-col__col\" data-aos=\"fade-right\">\n                                <div class=\"six-col__box border_box_content\">\n                                                                            <h2>Erweitern Sie Ihren Einflussbereich<\/h2>\n                                                                            <p>Verbinden Sie sich mit Kunden, Partnern und Freunden auf der ganzen Welt, als w\u00e4ren sie gleich um die Ecke. Unsere Dienstleistungen beseitigen geografische Barrieren und bieten eine nahtlose, kosteng\u00fcnstige L\u00f6sung f\u00fcr die internationale Kommunikation.<\/p>\n                                                                    <\/div>\n                            <\/div>\n                                                    <div class=\"six-col__col\" data-aos=\"fade-left\">\n                                <div class=\"six-col__box darkblue_bg\">\n                                                                            <h2>Mit Zuversicht verbinden<\/h2>\n                                                                            <p>Seien Sie versichert, dass Sie in kompetenten H\u00e4nden sind. Wir pflegen strategische Verbindungen und Partnerschaften, um sicherzustellen, dass unsere Dienstleistungen zuverl\u00e4ssig und zug\u00e4nglich bleiben, wo auch immer Sie sie ben\u00f6tigen.<\/p>\n                                                                    <\/div>\n                            <\/div>\n                                                    <div class=\"six-col__col\" data-aos=\"fade-right\">\n                                <div class=\"six-col__box darkblue_bg\">\n                                                                            <h2>Erleben Sie Qualit\u00e4t und Zuverl\u00e4ssigkeit<\/h2>\n                                                                            <p>Wir sind bestrebt, die h\u00f6chste Qualit\u00e4t bei unseren Verbindungen zu bieten. Unsere Dienstleistungen sind auf Klarheit, Zuverl\u00e4ssigkeit und Sicherheit ausgelegt, um sicherzustellen, dass jeder Anruf und jede Nachricht pr\u00e4zise \u00fcbermittelt wird.<\/p>\n                                                                    <\/div>\n                            <\/div>\n                                        <\/div>\n                    <\/div>\n    <\/section>\n\n\n    <section class=\"interested__section block-interested-services\" id=\"918\">\n        <div class=\"container\">\n            <div class=\"interested__title\" data-aos=\"fade-up\">\n                                    <h2 class=\"h1\">Bist du interessiert \r\n<strong>in unseren Dienstleistungen?<\/strong><\/h2>\n                                    <p>Sind Sie bereit, Ihr Gesch\u00e4ft auf die n\u00e4chste Stufe zu heben, indem Sie hochwertige VoIP-Dienste anbieten? Schlie\u00dfen Sie sich uns bei coVoIP an und werden Sie noch heute ein gesch\u00e4tzter Wiederverk\u00e4ufer!<\/p>\n                            <\/div>\n            <div class=\"interested__block\">\n                                    <div class=\"interested__text-list\">\n                        <div class=\"interested__inner\">\n                                                                <div class=\"interested__text-block\" data-aos=\"fade-in\">\n                                        <p>Wir machen es Ihnen einfach, Ihr Produktportfolio zu erweitern und Ihren Umsatz zu steigern.<\/p>\n                                    <\/div>\n                                                                    <div class=\"interested__text-block\" data-aos=\"fade-in\">\n                                        <p>Durch die Partnerschaft mit uns erhalten Sie Zugang zu modernsten VoIP-L\u00f6sungen, engagierter Unterst\u00fctzung und attraktiven Anreizen f\u00fcr Wiederverk\u00e4ufer.<\/p>\n                                    <\/div>\n                                                                    <div class=\"interested__text-block\" data-aos=\"fade-in\">\n                                        <p>Wir werden Ihnen helfen, Ihr Gesch\u00e4ft zu entwickeln, w\u00e4hrend wir die bestm\u00f6glichen VoIP-Dienste bereitstellen.<\/p>\n                                    <\/div>\n                                                        <\/div>\n                    <\/div>\n                                    <div class=\"interested__img-block\" data-aos=\"\">\n                        <div class=\"animate-circle\"><\/div>\n                        <div class=\"interested__img\">\n                            <div class=\"animate-circle\"><\/div>\n                            <div class=\"interested__img-bg\">\n                                <img loading=\"lazy\" decoding=\"async\" width=\"533\" height=\"533\" src=\"https:\/\/covoip.com\/wp-content\/uploads\/covoip-interested.png\" class=\"attachment-full size-full\" alt=\"Covoip Are you interested in our services?\" srcset=\"https:\/\/covoip.com\/wp-content\/uploads\/covoip-interested.png 533w, https:\/\/covoip.com\/wp-content\/uploads\/covoip-interested-300x300.png 300w, https:\/\/covoip.com\/wp-content\/uploads\/covoip-interested-150x150.png 150w\" sizes=\"auto, (max-width: 533px) 100vw, 533px\" \/>                            <\/div>\n                        <\/div>\n                    <\/div>\n                                                        <a class=\"btn\" href=\"https:\/\/covoip.com\/de\/kontakt-aufnehmen\/\" target=\"_self\">\n                            Kontakt aufnehmen                        <\/a>\n                            <\/div>\n        <\/div>\n    <\/section>\n","protected":false},"excerpt":{"rendered":"","protected":false},"author":1,"featured_media":1357,"parent":0,"menu_order":5,"comment_status":"closed","ping_status":"closed","template":"","meta":{"_acf_changed":false,"footnotes":""},"class_list":["post-918","page","type-page","status-publish","has-post-thumbnail","hentry"],"acf":[],"aioseo_notices":[],"_links":{"self":[{"href":"https:\/\/covoip.com\/de\/wp-json\/wp\/v2\/pages\/918","targetHints":{"allow":["GET"]}}],"collection":[{"href":"https:\/\/covoip.com\/de\/wp-json\/wp\/v2\/pages"}],"about":[{"href":"https:\/\/covoip.com\/de\/wp-json\/wp\/v2\/types\/page"}],"author":[{"embeddable":true,"href":"https:\/\/covoip.com\/de\/wp-json\/wp\/v2\/users\/1"}],"replies":[{"embeddable":true,"href":"https:\/\/covoip.com\/de\/wp-json\/wp\/v2\/comments?post=918"}],"version-history":[{"count":10,"href":"https:\/\/covoip.com\/de\/wp-json\/wp\/v2\/pages\/918\/revisions"}],"predecessor-version":[{"id":9604,"href":"https:\/\/covoip.com\/de\/wp-json\/wp\/v2\/pages\/918\/revisions\/9604"}],"wp:featuredmedia":[{"embeddable":true,"href":"https:\/\/covoip.com\/de\/wp-json\/wp\/v2\/media\/1357"}],"wp:attachment":[{"href":"https:\/\/covoip.com\/de\/wp-json\/wp\/v2\/media?parent=918"}],"curies":[{"name":"wp","href":"https:\/\/api.w.org\/{rel}","templated":true}]}}