{"id":924,"date":"2024-02-09T09:29:35","date_gmt":"2024-02-09T09:29:35","guid":{"rendered":"https:\/\/covoip.siteshowroom.net\/our-services\/"},"modified":"2025-02-28T06:58:16","modified_gmt":"2025-02-28T06:58:16","slug":"unsere-dienstleistungen","status":"publish","type":"page","link":"https:\/\/covoip.com\/de\/unsere-dienstleistungen\/","title":{"rendered":"Unsere Dienstleistungen"},"content":{"rendered":"    <section id=\"924\" class=\"page-title text-center block-best-services\" data-aos=\"fade-up\">\n        <div class=\"container container-998\">\n                            <h1><strong>Erleben Sie die besten Dienste<\/strong><br \/>\r\nmit sicherer und zuverl\u00e4ssiger Konnektivit\u00e4t.<\/h1>\n                            <p>Wir bieten fortschrittliche Telekommunikations- und Internetdienste an, spezialisiert auf IP-Telefonie, Festnetz-Internet, Daten-SIM-Bundles und SMS-Dienste. Indem wir unsere Cloud- und Digitall\u00f6sungen an die individuellen Gesch\u00e4ftsanforderungen anpassen, priorisieren wir herausragenden Service und Innovation.<\/p>\n                    <\/div>\n    <\/section>\n            <section class=\"best_services\">\n            <div class=\"container\">         \n                <div class=\"best_services__Cols\">\n                                        <div class=\"best_services__Col best_services__Col-1\" data-aos=\"fade-up\" data-aos-duration=\"600\">\n                                                            <a href=\"https:\/\/covoip.com\/de\/voip\/\" class=\"overlay-link\" target=\"\" aria-label=\"VoIP\">VoIP<\/a>\n                                \n                                <div class=\"best_services__ColImg\">\n                                    <span><img decoding=\"async\" src=\"https:\/\/covoip.com\/wp-content\/uploads\/covoip-VoIP-icon.svg\" class=\"attachment-full size-full\" alt=\"covoip VoIP\" \/><\/span>\n                                <\/div>\n                                                            <h2 class=\"h3\">VoIP<\/h2>\n                                                            <p>Integrieren Sie effiziente Telekommunikation: Bieten Sie nahtlose Zusammenarbeit in der gesamten Organisation, um digital immer einen Schritt voraus zu bleiben.<\/p>\n                                                    <\/div>\n                                            <div class=\"best_services__Col best_services__Col-2\" data-aos=\"fade-up\" data-aos-duration=\"800\">\n                                                            <a href=\"https:\/\/covoip.com\/de\/sms-dienstleistungen\/\" class=\"overlay-link\" target=\"\" aria-label=\"SMS services\">SMS services<\/a>\n                                \n                                <div class=\"best_services__ColImg\">\n                                    <span><img decoding=\"async\" src=\"https:\/\/covoip.com\/wp-content\/uploads\/covoip-SMS-icon.svg\" class=\"attachment-full size-full\" alt=\"covoip SMS Services\" \/><\/span>\n                                <\/div>\n                                                            <h2 class=\"h3\">SMS services<\/h2>\n                                                            <p>Mit unserer leistungsstarken SMS-Plattform erm\u00f6glichen wir Ihnen, eine SMS-L\u00f6sung anzubieten, die dem Markt von heute und morgen entspricht.<\/p>\n                                                    <\/div>\n                                            <div class=\"best_services__Col best_services__Col-3\" data-aos=\"fade-up\" data-aos-duration=\"1000\">\n                                                            <a href=\"https:\/\/covoip.com\/de\/datenpaket\/\" class=\"overlay-link\" target=\"\" aria-label=\"Datenpaket\">Datenpaket<\/a>\n                                \n                                <div class=\"best_services__ColImg\">\n                                    <span><img decoding=\"async\" src=\"https:\/\/covoip.com\/wp-content\/uploads\/covoip-data-bundles-icon.svg\" class=\"attachment-full size-full\" alt=\"covoip data bundles\" \/><\/span>\n                                <\/div>\n                                                            <h2 class=\"h3\">Datenpaket<\/h2>\n                                                            <p>Unsere reinen Daten-SIM-Karten sind genau das Richtige f\u00fcr unterwegs, sei es f\u00fcr Ihr Tablet, Ihren Daten-Dongle oder Ihr mobiles WLAN-Ger\u00e4t.<\/p>\n                                                    <\/div>\n                                            <div class=\"best_services__Col best_services__Col-4\" data-aos=\"fade-up\" data-aos-duration=\"1200\">\n                                                            <a href=\"https:\/\/covoip.com\/de\/internetverbindung\/\" class=\"overlay-link\" target=\"\" aria-label=\"Feste Internetverbindungen\">Feste Internetverbindungen<\/a>\n                                \n                                <div class=\"best_services__ColImg\">\n                                    <span><img decoding=\"async\" src=\"https:\/\/covoip.com\/wp-content\/uploads\/covoip-wifi-icon.svg\" class=\"attachment-full size-full\" alt=\"covoip Fixed Internet connections\" \/><\/span>\n                                <\/div>\n                                                            <h2 class=\"h3\">Feste Internetverbindungen<\/h2>\n                                                            <p>Unsere reinen Daten-SIM-Karten sind genau das Richtige f\u00fcr unterwegs, sei es f\u00fcr Ihr Tablet, Ihren Daten-Dongle oder Ihr mobiles WLAN-Ger\u00e4t.<\/p>\n                                                    <\/div>\n                                    <\/div>\n            <\/div>\n        <\/section>\n    \n\n \n    <section id=\"924\" class=\"page-title text-center sub-title-18 block-about-services\" data-aos=\"fade-up\">\n        <div class=\"container container-998\">\n                            <h2 class=\"h1\">M\u00f6chten Sie mehr wissen?<br \/>\r\n<strong>\u00fcber unsere Dienstleistungen?<\/strong><\/h2>\n                            <p>Sind Sie interessiert oder haben Sie Fragen zu unseren VoIP-Diensten? Rufen Sie uns an oder senden Sie uns eine E-Mail. Wir k\u00f6nnen Ihnen wahrscheinlich sofort helfen oder den richtigen Spezialisten f\u00fcr Sie innerhalb von coVoIP\u2122 finden.<\/p>\n                    <\/div>\n    <\/section>\n            <section class=\"our_services\">\n            <div class=\"container\">\n                <div class=\"our_services__Cols\">\n                                                <div class=\"our_services__Col\" data-aos=\"fade-up\" data-aos-duration=\"600\">\n                                                                    <h3 class=\"h4\">Gesch\u00e4ftsl\u00f6sungen<\/h3>\n                                \n<p>Wir verstehen die einzigartigen Kommunikationsbed\u00fcrfnisse von Unternehmen, daher bieten wir ma\u00dfgeschneiderte VoIP-L\u00f6sungen f\u00fcr Organisationen jeder Gr\u00f6\u00dfe an. Unsere Business-VoIP-Dienste bieten kristallklare Sprachqualit\u00e4t, zuverl\u00e4ssige Verbindungen und eine Suite von Funktionen, die darauf abzielen, Produktivit\u00e4t und Zusammenarbeit in Ihrem Unternehmen zu verbessern.<\/p>\n<ul>\n<li>HD-Sprachqualit\u00e4t<\/li>\n<li>Anrufanalyse<\/li>\n<li>Gehostete PBX-Systeme<\/li>\n<li>CRM-Integration<\/li>\n<li>Videokonferenzen<\/li>\n<\/ul>\n                            <\/div>\n                                                    <div class=\"our_services__Col\" data-aos=\"fade-up\" data-aos-duration=\"800\">\n                                                                    <h3 class=\"h4\">Beratung<\/h3>\n                                <p>Der Wechsel zu VoIP kann eine komplexe Entscheidung sein. Unsere erfahrenen Berater stehen Ihnen zur Seite, um Sie durch den Prozess zu f\u00fchren. Wir werden Ihre aktuelle Kommunikationsinfrastruktur bewerten, die am besten geeigneten VoIP-L\u00f6sungen empfehlen und bei der Umstellung unterst\u00fctzen, um eine minimale Unterbrechung Ihres Gesch\u00e4fts- oder Privatlebens zu gew\u00e4hrleisten.<\/p>\n<ul>\n<li>Bedarfsanalyse<\/li>\n<li>Umsetzungsunterst\u00fctzung<\/li>\n<li>Netzwerk-Bereitschaft<\/li>\n<li>Nutzertraining<\/li>\n<li>L\u00f6sungsgestaltung<\/li>\n<\/ul>\n                            <\/div>\n                                                    <div class=\"our_services__Col\" data-aos=\"fade-up\" data-aos-duration=\"1000\">\n                                                                    <h3 class=\"h4\">Callcenter-L\u00f6sungen<\/h3>\n                                <p>Wenn Ihr Unternehmen auf ein Callcenter angewiesen ist, sind unsere VoIP-Callcenter-L\u00f6sungen darauf ausgelegt, die Leistung zu optimieren. Mit Funktionen wie Predictive Dialing, Anrufaufzeichnung und Echtzeit-Analyse erm\u00f6glichen wir Ihren Callcenter-Agenten, au\u00dfergew\u00f6hnlichen Kundenservice zu bieten.<\/p>\n<ul>\n<li>Vorhersagew\u00e4hlung<\/li>\n<li>Warteschlangenverwaltung<\/li>\n<li>Anrufaufzeichnung<\/li>\n<li>Echtzeit-Analytik<\/li>\n<li>Anruf\u00fcberwachung<\/li>\n<\/ul>\n                            <\/div>\n                                                    <div class=\"our_services__Col\" data-aos=\"fade-up\" data-aos-duration=\"1200\">\n                                                                    <h3 class=\"h4\">Hardware<\/h3>\n                                <p>Wir bieten eine breite Palette von VoIP-Hardware an, um unsere Dienstleistungen zu erg\u00e4nzen. Egal, ob Sie IP-Telefone, Headsets oder andere Zubeh\u00f6rteile ben\u00f6tigen, wir bieten hochwertige Ger\u00e4te von vertrauensw\u00fcrdigen Marken. Unser Team kann Ihnen helfen, die richtige Hardware auszuw\u00e4hlen, um Ihre VoIP-Erfahrung zu maximieren.<\/p>\n<ul>\n<li>IP-Telefone<\/li>\n<li>Adapter und Gateways<\/li>\n<li>Konferenztelefone<\/li>\n<li>Zubeh\u00f6r<\/li>\n<li>Headsets<\/li>\n<\/ul>\n                            <\/div>\n                                        <\/div>\n            <\/div>\n        <\/section>\n    \n\n    <section class=\"interested__section block-interested-services\" id=\"924\">\n        <div class=\"container\">\n            <div class=\"interested__title\" data-aos=\"fade-up\">\n                                    <h2 class=\"h1\">Bist du interessiert \r\n<strong>in unseren Dienstleistungen?<\/strong><\/h2>\n                                    <p>Sind Sie bereit, Ihr Gesch\u00e4ft auf die n\u00e4chste Stufe zu heben, indem Sie hochwertige VoIP-Dienste anbieten? Schlie\u00dfen Sie sich uns bei coVoIP an und werden Sie noch heute ein gesch\u00e4tzter Wiederverk\u00e4ufer!<\/p>\n                            <\/div>\n            <div class=\"interested__block\">\n                                    <div class=\"interested__text-list\">\n                        <div class=\"interested__inner\">\n                                                                <div class=\"interested__text-block\" data-aos=\"fade-in\">\n                                        <p>Wir machen es Ihnen einfach, Ihr Produktportfolio zu erweitern und Ihren Umsatz zu steigern.<\/p>\n                                    <\/div>\n                                                                    <div class=\"interested__text-block\" data-aos=\"fade-in\">\n                                        <p>Durch die Partnerschaft mit uns erhalten Sie Zugang zu modernsten VoIP-L\u00f6sungen, engagierter Unterst\u00fctzung und attraktiven Anreizen f\u00fcr Wiederverk\u00e4ufer.<\/p>\n                                    <\/div>\n                                                                    <div class=\"interested__text-block\" data-aos=\"fade-in\">\n                                        <p>Wir werden Ihnen helfen, Ihr Gesch\u00e4ft zu entwickeln, w\u00e4hrend wir die bestm\u00f6glichen VoIP-Dienste bereitstellen.<\/p>\n                                    <\/div>\n                                                        <\/div>\n                    <\/div>\n                                    <div class=\"interested__img-block\" data-aos=\"\">\n                        <div class=\"animate-circle\"><\/div>\n                        <div class=\"interested__img\">\n                            <div class=\"animate-circle\"><\/div>\n                            <div class=\"interested__img-bg\">\n                                <img loading=\"lazy\" decoding=\"async\" width=\"533\" height=\"533\" src=\"https:\/\/covoip.com\/wp-content\/uploads\/covoip-interested.png\" class=\"attachment-full size-full\" alt=\"Covoip Are you interested in our services?\" srcset=\"https:\/\/covoip.com\/wp-content\/uploads\/covoip-interested.png 533w, https:\/\/covoip.com\/wp-content\/uploads\/covoip-interested-300x300.png 300w, https:\/\/covoip.com\/wp-content\/uploads\/covoip-interested-150x150.png 150w\" sizes=\"auto, (max-width: 533px) 100vw, 533px\" \/>                            <\/div>\n                        <\/div>\n                    <\/div>\n                                                        <a class=\"btn\" href=\"https:\/\/covoip.com\/de\/kontakt-aufnehmen\/\" target=\"_self\">\n                            Kontakt aufnehmen                        <\/a>\n                            <\/div>\n        <\/div>\n    <\/section>\n","protected":false},"excerpt":{"rendered":"","protected":false},"author":1,"featured_media":1323,"parent":0,"menu_order":1,"comment_status":"closed","ping_status":"closed","template":"","meta":{"_acf_changed":false,"footnotes":""},"class_list":["post-924","page","type-page","status-publish","has-post-thumbnail","hentry"],"acf":[],"aioseo_notices":[],"_links":{"self":[{"href":"https:\/\/covoip.com\/de\/wp-json\/wp\/v2\/pages\/924","targetHints":{"allow":["GET"]}}],"collection":[{"href":"https:\/\/covoip.com\/de\/wp-json\/wp\/v2\/pages"}],"about":[{"href":"https:\/\/covoip.com\/de\/wp-json\/wp\/v2\/types\/page"}],"author":[{"embeddable":true,"href":"https:\/\/covoip.com\/de\/wp-json\/wp\/v2\/users\/1"}],"replies":[{"embeddable":true,"href":"https:\/\/covoip.com\/de\/wp-json\/wp\/v2\/comments?post=924"}],"version-history":[{"count":7,"href":"https:\/\/covoip.com\/de\/wp-json\/wp\/v2\/pages\/924\/revisions"}],"predecessor-version":[{"id":9597,"href":"https:\/\/covoip.com\/de\/wp-json\/wp\/v2\/pages\/924\/revisions\/9597"}],"wp:featuredmedia":[{"embeddable":true,"href":"https:\/\/covoip.com\/de\/wp-json\/wp\/v2\/media\/1323"}],"wp:attachment":[{"href":"https:\/\/covoip.com\/de\/wp-json\/wp\/v2\/media?parent=924"}],"curies":[{"name":"wp","href":"https:\/\/api.w.org\/{rel}","templated":true}]}}