{"id":930,"date":"2024-02-12T14:15:53","date_gmt":"2024-02-12T14:15:53","guid":{"rendered":"https:\/\/covoip.siteshowroom.net\/termination-service\/"},"modified":"2025-02-28T07:00:50","modified_gmt":"2025-02-28T07:00:50","slug":"beendigungsdienst","status":"publish","type":"page","link":"https:\/\/covoip.com\/de\/beendigungsdienst\/","title":{"rendered":"Beendigungsdienst"},"content":{"rendered":"    <section class=\"page-title text-center block-origination-services\" id=\"930\" data-aos=\"fade-up\">\n        <div class=\"container container-998\">\n                            <h1><strong>Verbessern Sie Ihre Kommunikation<\/strong><br \/>\r\nmit unseren Beendigungsdiensten.<\/h1>\n                            <p>Wir sind stolz darauf, erstklassige Beendigungsdienste anzubieten, die Unternehmen die M\u00f6glichkeit geben, sich mit der Welt zu verbinden. Unsere Dienstleistungen umfassen internationale Gro\u00dfhandelsgespr\u00e4chsweiterleitung \u00fcber VoIP zu \u00e4u\u00dferst wettbewerbsf\u00e4higen Preisen und bedienen \u00fcber 120 Carrier weltweit. Warum sollten Sie unsere Beendigungsdienste w\u00e4hlen?<\/p>\n                    <\/div>\n    <\/section>\n\n    <section class=\"choose__section\">\n        <div class=\"container\">\n                            <div class=\"title text-center\" data-aos=\"fade-up\">\n                    <h2><strong>Warum sollten<\/strong> Sie sich f\u00fcr unsere Terminierungsdienste entscheiden?<\/h2>\n                <\/div>\n                            <div class=\"choose__block\">\n                    <div class=\"row justify-center\">\n                                                <div class=\"col-3\" data-aos=\"fade-up\" data-aos-duration=\"500\">\n                                <div class=\"choose__box\">\n                                                                            <h3 class=\"h6\">Globale Reichweite<\/h3>\n                                                                            <p>Wir bieten die Br\u00fccke f\u00fcr Ihre Kommunikationsbed\u00fcrfnisse und erweitern Ihre Reichweite, um mit Kunden und Partnern in \u00fcber 120 L\u00e4ndern in Verbindung zu treten.<\/p>\n                                                                    <\/div>\n                            <\/div>\n                                                    <div class=\"col-3\" data-aos=\"fade-up\" data-aos-duration=\"700\">\n                                <div class=\"choose__box\">\n                                                                            <h3 class=\"h6\">Direkte Routen<\/h3>\n                                                                            <p>Unsere direkten Routen garantieren schnelle und zuverl\u00e4ssige Verbindungen, eliminieren unn\u00f6tige Zwischenh\u00e4ndler und liefern Ihre Anrufe mit h\u00f6chster Effizienz.<\/p>\n                                                                    <\/div>\n                            <\/div>\n                                                    <div class=\"col-3\" data-aos=\"fade-up\" data-aos-duration=\"900\">\n                                <div class=\"choose__box\">\n                                                                            <h3 class=\"h6\">Strategische Vereinbarungen<\/h3>\n                                                                            <p>Wir haben starke Vereinbarungen mit zahlreichen zugrunde liegenden Betreibern getroffen, um die h\u00f6chste Anrufqualit\u00e4t und Zuverl\u00e4ssigkeit zu gew\u00e4hrleisten.<\/p>\n                                                                    <\/div>\n                            <\/div>\n                                            <\/div>\n                <\/div>\n                    <\/div>\n    <\/section>\n\n\n\n    \n    <section class=\"six-col__section block-range-services\" id=\"930\">\n        <div class=\"container\">\n            <div class=\"row\">\n                <div class=\"six-col__col\" data-aos=\"fade-right\">\n                    <div class=\"title text-right\">\n                                                    <h2><strong>Unser Dienstleistungsspektrum<\/strong><\/h2>\n                                                    <p>In der heutigen globalen Wirtschaft ist eine effiziente und kosteng\u00fcnstige Kommunikation ein Muss. Unsere Beendigungsdienste bieten eine zuverl\u00e4ssige und effiziente M\u00f6glichkeit, mit Ihrer Zielgruppe und Partnern auf der ganzen Welt in Verbindung zu treten. Genie\u00dfen Sie eine verbesserte Klarheit, weniger Anrufabbr\u00fcche und insgesamt verbesserte Anrufqualit\u00e4t.<\/p>\n                                            <\/div>\n                <\/div>\n                                    <div class=\"six-col__col\" data-aos=\"fade-left\">\n                        <div class=\"six-col__img\">\n                            <img loading=\"lazy\" decoding=\"async\" width=\"600\" height=\"400\" src=\"https:\/\/covoip.com\/wp-content\/uploads\/2024\/02\/covoip-termination-service.jpg\" class=\"attachment-full size-full\" alt=\"Termination Services\" srcset=\"https:\/\/covoip.com\/wp-content\/uploads\/2024\/02\/covoip-termination-service.jpg 600w, https:\/\/covoip.com\/wp-content\/uploads\/2024\/02\/covoip-termination-service-300x200.jpg 300w\" sizes=\"auto, (max-width: 600px) 100vw, 600px\" \/>                        <\/div>\n                    <\/div>  \n                            <\/div>\n                            <div class=\"row\">\n                                                <div class=\"six-col__col\" data-aos=\"fade-right\">\n                                <div class=\"six-col__box border_box_content\">\n                                                                            <h2>Rufweiterleitung<\/h2>\n                                                                            <p>Wenn ein VoIP-Benutzer einen Anruf initiiert, werden die Anrufdaten in Form von Sprachpaketen \u00fcber das Internet oder ein Datennetzwerk \u00fcbertragen. Beendigungsdienste sind daf\u00fcr verantwortlich, diese Pakete zum Zielort zu leiten.<\/p>\n                                                                    <\/div>\n                            <\/div>\n                                                    <div class=\"six-col__col\" data-aos=\"fade-left\">\n                                <div class=\"six-col__box darkblue_bg\">\n                                                                            <h2>Zusammenschaltung<\/h2>\n                                                                            <p>VoIP-Serviceanbieter, die Beendigungsdienste anbieten, haben oft Vereinbarungen und Interkonnektivit\u00e4ten mit traditionellen Telekommunikationsanbietern und anderen VoIP-Anbietern. Diese Interkonnektivit\u00e4ten erm\u00f6glichen die \u00dcbergabe von Anrufen vom VoIP-Netzwerk an das traditionelle \u00f6ffentliche Telefonnetzwerk (PSTN) oder an ein anderes VoIP-Netzwerk.<\/p>\n                                                                    <\/div>\n                            <\/div>\n                                                    <div class=\"six-col__col\" data-aos=\"fade-right\">\n                                <div class=\"six-col__box darkblue_bg\">\n                                                                            <h2>Zielverarbeitung<\/h2>\n                                                                            <p>Die Beendigungsdienste stellen sicher, dass der Anruf sein beabsichtigtes Ziel erreicht, das je nach Ger\u00e4t und Standort des Empf\u00e4ngers ein Festnetztelefon, ein Mobiltelefon oder ein anderer VoIP-Benutzer sein kann.<\/p>\n                                                                    <\/div>\n                            <\/div>\n                                                    <div class=\"six-col__col\" data-aos=\"fade-left\">\n                                <div class=\"six-col__box border_box_content\">\n                                                                            <h2>Qualit\u00e4tssicherung<\/h2>\n                                                                            <p>Anbieter von Beendigungsdiensten konzentrieren sich darauf, eine hohe Anrufqualit\u00e4t aufrechtzuerhalten. Sie arbeiten daran, Probleme wie Anrufabbr\u00fcche, Echos, Latenzzeiten und Jitter zu minimieren, um ein klares und zuverl\u00e4ssiges Anruferlebnis zu gew\u00e4hrleisten.<\/p>\n                                                                    <\/div>\n                            <\/div>\n                                        <\/div>\n                    <\/div>\n    <\/section>\n\n\n    <section class=\"interested__section block-interested-services\" id=\"930\">\n        <div class=\"container\">\n            <div class=\"interested__title\" data-aos=\"fade-up\">\n                                    <h2 class=\"h1\">Bist du interessiert \r\n<strong>in unseren Dienstleistungen?<\/strong><\/h2>\n                                    <p>Sind Sie bereit, Ihr Gesch\u00e4ft auf die n\u00e4chste Stufe zu heben, indem Sie hochwertige VoIP-Dienste anbieten? Schlie\u00dfen Sie sich uns bei coVoIP an und werden Sie noch heute ein gesch\u00e4tzter Wiederverk\u00e4ufer!<\/p>\n                            <\/div>\n            <div class=\"interested__block\">\n                                    <div class=\"interested__text-list\">\n                        <div class=\"interested__inner\">\n                                                                <div class=\"interested__text-block\" data-aos=\"fade-in\">\n                                        <p>Wir machen es Ihnen einfach, Ihr Produktportfolio zu erweitern und Ihren Umsatz zu steigern.<\/p>\n                                    <\/div>\n                                                                    <div class=\"interested__text-block\" data-aos=\"fade-in\">\n                                        <p>Durch die Partnerschaft mit uns erhalten Sie Zugang zu modernsten VoIP-L\u00f6sungen, engagierter Unterst\u00fctzung und attraktiven Anreizen f\u00fcr Wiederverk\u00e4ufer.<\/p>\n                                    <\/div>\n                                                                    <div class=\"interested__text-block\" data-aos=\"fade-in\">\n                                        <p>Wir werden Ihnen helfen, Ihr Gesch\u00e4ft zu entwickeln, w\u00e4hrend wir die bestm\u00f6glichen VoIP-Dienste bereitstellen.<\/p>\n                                    <\/div>\n                                                        <\/div>\n                    <\/div>\n                                    <div class=\"interested__img-block\" data-aos=\"\">\n                        <div class=\"animate-circle\"><\/div>\n                        <div class=\"interested__img\">\n                            <div class=\"animate-circle\"><\/div>\n                            <div class=\"interested__img-bg\">\n                                <img loading=\"lazy\" decoding=\"async\" width=\"533\" height=\"533\" src=\"https:\/\/covoip.com\/wp-content\/uploads\/covoip-interested.png\" class=\"attachment-full size-full\" alt=\"Covoip Are you interested in our services?\" srcset=\"https:\/\/covoip.com\/wp-content\/uploads\/covoip-interested.png 533w, https:\/\/covoip.com\/wp-content\/uploads\/covoip-interested-300x300.png 300w, https:\/\/covoip.com\/wp-content\/uploads\/covoip-interested-150x150.png 150w\" sizes=\"auto, (max-width: 533px) 100vw, 533px\" \/>                            <\/div>\n                        <\/div>\n                    <\/div>\n                                                        <a class=\"btn\" href=\"https:\/\/covoip.com\/de\/kontakt-aufnehmen\/\" target=\"_self\">\n                            Kontakt aufnehmen                        <\/a>\n                            <\/div>\n        <\/div>\n    <\/section>\n","protected":false},"excerpt":{"rendered":"","protected":false},"author":1,"featured_media":1354,"parent":0,"menu_order":5,"comment_status":"closed","ping_status":"closed","template":"","meta":{"_acf_changed":false,"footnotes":""},"class_list":["post-930","page","type-page","status-publish","has-post-thumbnail","hentry"],"acf":[],"aioseo_notices":[],"_links":{"self":[{"href":"https:\/\/covoip.com\/de\/wp-json\/wp\/v2\/pages\/930","targetHints":{"allow":["GET"]}}],"collection":[{"href":"https:\/\/covoip.com\/de\/wp-json\/wp\/v2\/pages"}],"about":[{"href":"https:\/\/covoip.com\/de\/wp-json\/wp\/v2\/types\/page"}],"author":[{"embeddable":true,"href":"https:\/\/covoip.com\/de\/wp-json\/wp\/v2\/users\/1"}],"replies":[{"embeddable":true,"href":"https:\/\/covoip.com\/de\/wp-json\/wp\/v2\/comments?post=930"}],"version-history":[{"count":7,"href":"https:\/\/covoip.com\/de\/wp-json\/wp\/v2\/pages\/930\/revisions"}],"predecessor-version":[{"id":9603,"href":"https:\/\/covoip.com\/de\/wp-json\/wp\/v2\/pages\/930\/revisions\/9603"}],"wp:featuredmedia":[{"embeddable":true,"href":"https:\/\/covoip.com\/de\/wp-json\/wp\/v2\/media\/1354"}],"wp:attachment":[{"href":"https:\/\/covoip.com\/de\/wp-json\/wp\/v2\/media?parent=930"}],"curies":[{"name":"wp","href":"https:\/\/api.w.org\/{rel}","templated":true}]}}