{"id":932,"date":"2024-02-12T17:12:51","date_gmt":"2024-02-12T17:12:51","guid":{"rendered":"https:\/\/covoip.siteshowroom.net\/origination-services\/"},"modified":"2025-02-28T07:00:35","modified_gmt":"2025-02-28T07:00:35","slug":"origination-dienstleistungen","status":"publish","type":"page","link":"https:\/\/covoip.com\/de\/origination-dienstleistungen\/","title":{"rendered":"Erweitern Sie Ihre globale Reichweite mit unseren Origination Dienstleistungen"},"content":{"rendered":"    <section class=\"page-title text-center block-origination-services\" id=\"932\" data-aos=\"fade-up\">\n        <div class=\"container container-998\">\n                            <h1><strong>Globale Reichweite freischalten<\/strong><br \/>\r\n mit unseren Origination Services<\/h1>\n                            <p>Wir haben uns darauf spezialisiert, eine vielf\u00e4ltige Palette von Herkunftsdiensten anzubieten, die Ihren Telekommunikationsanforderungen gerecht werden. Unsere umfassenden Angebote umfassen DID-, geb\u00fchrenfreie, Premium-Tarif- und virtuelle mobile\/SMS-Herkunftsdienste, die weltweit verf\u00fcgbar sind.<\/p>\n                    <\/div>\n    <\/section>\n\n    <section class=\"choose__section\">\n        <div class=\"container\">\n                            <div class=\"title text-center\" data-aos=\"fade-up\">\n                    <h2><strong>Warum sollten<\/strong> Sie unsere Herkunftsdienste w\u00e4hlen?<\/h2>\n                <\/div>\n                            <div class=\"choose__block\">\n                    <div class=\"row justify-center\">\n                                                <div class=\"col-3\" data-aos=\"fade-up\" data-aos-duration=\"500\">\n                                <div class=\"choose__box\">\n                                                                            <h3 class=\"h6\">Globale Reichweite<\/h3>\n                                                                            <p>Wir erm\u00f6glichen es Ihrem Unternehmen, mit Leichtigkeit eine globale Pr\u00e4senz aufzubauen. Egal, ob Sie lokale, nationale oder internationale Nummern ben\u00f6tigen, unsere Herkunftsdienste decken alles ab.<\/p>\n                                                                    <\/div>\n                            <\/div>\n                                                    <div class=\"col-3\" data-aos=\"fade-up\" data-aos-duration=\"700\">\n                                <div class=\"choose__box\">\n                                                                            <h3 class=\"h6\">Strategische Pr\u00e4senz<\/h3>\n                                                                            <p>Mit strategisch platzierten Points of Presence (POPs) in Schl\u00fcsselst\u00e4dten wie London, Frankfurt und Amsterdam sind wir bestens ger\u00fcstet, um nahtlose und zuverl\u00e4ssige Dienste f\u00fcr Ihr Unternehmen bereitzustellen.<\/p>\n                                                                    <\/div>\n                            <\/div>\n                                                    <div class=\"col-3\" data-aos=\"fade-up\" data-aos-duration=\"900\">\n                                <div class=\"choose__box\">\n                                                                            <h3 class=\"h6\">Vielseitige Bereitstellung<\/h3>\n                                                                            <p>Unsere Dienstleistungen k\u00f6nnen \u00fcber VoIP geliefert werden, mit oder ohne Interconnects, unterst\u00fctzt durch internationale Partnerschaften. Dies gew\u00e4hrleistet, dass Sie die Flexibilit\u00e4t haben, die am besten geeignete Bereitstellungsmethode f\u00fcr Ihre Anforderungen zu w\u00e4hlen.<\/p>\n                                                                    <\/div>\n                            <\/div>\n                                                    <div class=\"col-3\" data-aos=\"fade-up\" data-aos-duration=\"1100\">\n                                <div class=\"choose__box\">\n                                                                            <h3 class=\"h6\">Sofortige Verf\u00fcgbarkeit<\/h3>\n                                                                            <p>Wir halten st\u00e4ndig einen Vorrat an geografischen und nationalen Telefonnummern. Dies erm\u00f6glicht es uns, Ihnen einen schnellen, bedarfsgerechten Zugang zu den Diensten zu bieten, die Sie ben\u00f6tigen, wann immer Sie sie ben\u00f6tigen.<\/p>\n                                                                    <\/div>\n                            <\/div>\n                                            <\/div>\n                <\/div>\n                    <\/div>\n    <\/section>\n\n\n\n    \n    <section class=\"six-col__section block-range-services\" id=\"932\">\n        <div class=\"container\">\n            <div class=\"row\">\n                <div class=\"six-col__col\" data-aos=\"fade-right\">\n                    <div class=\"title text-right\">\n                                                    <h2><strong>Unsere Dienstleistungenpalette<\/strong><\/h2>\n                                                    <p>In der heutigen schnelllebigen Gesch\u00e4ftswelt sind die richtigen Telekommunikationsl\u00f6sungen f\u00fcr das Wachstum Ihres Unternehmens unerl\u00e4sslich. Unsere Herkunftsdienste bilden die Grundlage f\u00fcr die Erweiterung Ihrer Reichweite, die Verbesserung der Kundeninteraktionen und die Nutzung neuer Chancen in einem hochkompetitiven Marktumfeld.<\/p>\n                                            <\/div>\n                <\/div>\n                                    <div class=\"six-col__col\" data-aos=\"fade-left\">\n                        <div class=\"six-col__img\">\n                            <img loading=\"lazy\" decoding=\"async\" width=\"600\" height=\"399\" src=\"https:\/\/covoip.com\/wp-content\/uploads\/2024\/02\/covoip-range_service.jpg\" class=\"attachment-full size-full\" alt=\"Covoip Origination Services\" srcset=\"https:\/\/covoip.com\/wp-content\/uploads\/2024\/02\/covoip-range_service.jpg 600w, https:\/\/covoip.com\/wp-content\/uploads\/2024\/02\/covoip-range_service-300x200.jpg 300w\" sizes=\"auto, (max-width: 600px) 100vw, 600px\" \/>                        <\/div>\n                    <\/div>  \n                            <\/div>\n                            <div class=\"row\">\n                                                <div class=\"six-col__col\" data-aos=\"fade-right\">\n                                <div class=\"six-col__box border_box_content\">\n                                                                            <h2>DID Herkunft<\/h2>\n                                                                            <p>Direct Inward Dialing (DID) Nummern, die Ihrem Unternehmensstandort sowohl regional als auch international entsprechen.<\/p>\n                                                                    <\/div>\n                            <\/div>\n                                                    <div class=\"six-col__col\" data-aos=\"fade-left\">\n                                <div class=\"six-col__box darkblue_bg\">\n                                                                            <h2>Geb\u00fchrenfreie Nummern<\/h2>\n                                                                            <p>Bieten Sie Ihren Kunden geb\u00fchrenfreie Anrufe an, um eine verbesserte Interaktion und Kundenzufriedenheit zu f\u00f6rdern.<\/p>\n                                                                    <\/div>\n                            <\/div>\n                                                    <div class=\"six-col__col\" data-aos=\"fade-right\">\n                                <div class=\"six-col__box darkblue_bg\">\n                                                                            <h2>Virtuelle Mobil- und SMS-Herkunft<\/h2>\n                                                                            <p>Erm\u00f6glichen Sie effiziente Kommunikation mit virtuellen Mobil- und SMS-Herkunftsdiensten und verbessern Sie die Kundenansprache.<\/p>\n                                                                    <\/div>\n                            <\/div>\n                                                    <div class=\"six-col__col\" data-aos=\"fade-left\">\n                                <div class=\"six-col__box border_box_content\">\n                                                                            <h2>Premium Rate Dienste<\/h2>\n                                                                            <p>Erkunden Sie M\u00f6glichkeiten zur Umsatzgenerierung mit Premium-Rate-Diensten.<\/p>\n                                                                    <\/div>\n                            <\/div>\n                                        <\/div>\n                    <\/div>\n    <\/section>\n\n\n    <section class=\"interested__section block-interested-services\" id=\"932\">\n        <div class=\"container\">\n            <div class=\"interested__title\" data-aos=\"fade-up\">\n                                    <h2 class=\"h1\">Bist du interessiert \r\n<strong>in unseren Dienstleistungen?<\/strong><\/h2>\n                                    <p>Sind Sie bereit, Ihr Gesch\u00e4ft auf die n\u00e4chste Stufe zu heben, indem Sie hochwertige VoIP-Dienste anbieten? Schlie\u00dfen Sie sich uns bei coVoIP an und werden Sie noch heute ein gesch\u00e4tzter Wiederverk\u00e4ufer!<\/p>\n                            <\/div>\n            <div class=\"interested__block\">\n                                    <div class=\"interested__text-list\">\n                        <div class=\"interested__inner\">\n                                                                <div class=\"interested__text-block\" data-aos=\"fade-in\">\n                                        <p>Wir machen es Ihnen einfach, Ihr Produktportfolio zu erweitern und Ihren Umsatz zu steigern.<\/p>\n                                    <\/div>\n                                                                    <div class=\"interested__text-block\" data-aos=\"fade-in\">\n                                        <p>Durch die Partnerschaft mit uns erhalten Sie Zugang zu modernsten VoIP-L\u00f6sungen, engagierter Unterst\u00fctzung und attraktiven Anreizen f\u00fcr Wiederverk\u00e4ufer.<\/p>\n                                    <\/div>\n                                                                    <div class=\"interested__text-block\" data-aos=\"fade-in\">\n                                        <p>Wir werden Ihnen helfen, Ihr Gesch\u00e4ft zu entwickeln, w\u00e4hrend wir die bestm\u00f6glichen VoIP-Dienste bereitstellen.<\/p>\n                                    <\/div>\n                                                        <\/div>\n                    <\/div>\n                                    <div class=\"interested__img-block\" data-aos=\"\">\n                        <div class=\"animate-circle\"><\/div>\n                        <div class=\"interested__img\">\n                            <div class=\"animate-circle\"><\/div>\n                            <div class=\"interested__img-bg\">\n                                <img loading=\"lazy\" decoding=\"async\" width=\"533\" height=\"533\" src=\"https:\/\/covoip.com\/wp-content\/uploads\/covoip-interested.png\" class=\"attachment-full size-full\" alt=\"Covoip Are you interested in our services?\" srcset=\"https:\/\/covoip.com\/wp-content\/uploads\/covoip-interested.png 533w, https:\/\/covoip.com\/wp-content\/uploads\/covoip-interested-300x300.png 300w, https:\/\/covoip.com\/wp-content\/uploads\/covoip-interested-150x150.png 150w\" sizes=\"auto, (max-width: 533px) 100vw, 533px\" \/>                            <\/div>\n                        <\/div>\n                    <\/div>\n                                                        <a class=\"btn\" href=\"https:\/\/covoip.com\/de\/kontakt-aufnehmen\/\" target=\"_self\">\n                            Kontakt aufnehmen                        <\/a>\n                            <\/div>\n        <\/div>\n    <\/section>\n","protected":false},"excerpt":{"rendered":"","protected":false},"author":1,"featured_media":1348,"parent":0,"menu_order":0,"comment_status":"closed","ping_status":"closed","template":"","meta":{"_acf_changed":false,"footnotes":""},"class_list":["post-932","page","type-page","status-publish","has-post-thumbnail","hentry"],"acf":[],"aioseo_notices":[],"_links":{"self":[{"href":"https:\/\/covoip.com\/de\/wp-json\/wp\/v2\/pages\/932","targetHints":{"allow":["GET"]}}],"collection":[{"href":"https:\/\/covoip.com\/de\/wp-json\/wp\/v2\/pages"}],"about":[{"href":"https:\/\/covoip.com\/de\/wp-json\/wp\/v2\/types\/page"}],"author":[{"embeddable":true,"href":"https:\/\/covoip.com\/de\/wp-json\/wp\/v2\/users\/1"}],"replies":[{"embeddable":true,"href":"https:\/\/covoip.com\/de\/wp-json\/wp\/v2\/comments?post=932"}],"version-history":[{"count":11,"href":"https:\/\/covoip.com\/de\/wp-json\/wp\/v2\/pages\/932\/revisions"}],"predecessor-version":[{"id":9602,"href":"https:\/\/covoip.com\/de\/wp-json\/wp\/v2\/pages\/932\/revisions\/9602"}],"wp:featuredmedia":[{"embeddable":true,"href":"https:\/\/covoip.com\/de\/wp-json\/wp\/v2\/media\/1348"}],"wp:attachment":[{"href":"https:\/\/covoip.com\/de\/wp-json\/wp\/v2\/media?parent=932"}],"curies":[{"name":"wp","href":"https:\/\/api.w.org\/{rel}","templated":true}]}}